{"id":948,"date":"2020-03-27T18:21:06","date_gmt":"2020-03-27T18:21:06","guid":{"rendered":"http:\/\/slapakunst.com\/?page_id=948"},"modified":"2020-04-03T00:25:25","modified_gmt":"2020-04-03T00:25:25","slug":"vilde-rudjord","status":"publish","type":"page","link":"http:\/\/slapakunst.com\/kjolelageret\/vinduene\/vilde-rudjord\/","title":{"rendered":"Vilde Rudjord"},"content":{"rendered":"\n<figure class=\"wp-block-image size-large\"><img loading=\"lazy\" decoding=\"async\" width=\"1024\" height=\"682\" src=\"http:\/\/slapakunst.com\/wp-content\/uploads\/Vinduene_Rudjord7024b-1024x682.jpg\" alt=\"\" class=\"wp-image-949\" srcset=\"http:\/\/slapakunst.com\/wp-content\/uploads\/Vinduene_Rudjord7024b-1024x682.jpg 1024w, http:\/\/slapakunst.com\/wp-content\/uploads\/Vinduene_Rudjord7024b-300x200.jpg 300w, http:\/\/slapakunst.com\/wp-content\/uploads\/Vinduene_Rudjord7024b-768x512.jpg 768w, http:\/\/slapakunst.com\/wp-content\/uploads\/Vinduene_Rudjord7024b-1536x1024.jpg 1536w, http:\/\/slapakunst.com\/wp-content\/uploads\/Vinduene_Rudjord7024b.jpg 2000w\" sizes=\"auto, (max-width: 1024px) 100vw, 1024px\" \/><\/figure>\n\n\n\n<p class=\"has-small-font-size\"><strong>MS Paint<\/strong><br>Digital grafikk, 6 stk \u00e1 59,4 x 42 cm (10+1AP)<br>3000 NOK + 5%<\/p>\n\n\n\n<p class=\"has-small-font-size\">I denne serien tar Rudjord opp en gammel arbeidsmetode. Grafikken hun viser er laget i et begrenset og simpelt tegneprogram: MS Paint. Et verkt\u00f8y hun kjenner godt, men ikke har brukt p\u00e5 over 10 \u00e5r. Hva skjer n\u00e5r vi tar opp det vi har forlatt?<br><br>MS Paint er et r\u00f8ft tegneprogram Rudjord har vokset opp med, som barn p\u00e5 tidlig 2000-tall, som hun n\u00e5 bruker som et grafikkverkt\u00f8y i seg selv, og som en refleksjon i tid. Programmets begrensninger og flathet, har et s\u00e6regent uttrykk som kunstneren arbeider aktivt med. Gjennom fargesterke flater spiller bildene p\u00e5 hva det vil si \u00e5 erindre en tapt verden og hva samtidskunst er i dag.<br><br><strong>Vilde Rudjord <\/strong>(1995, Norge) er avgangsstudent ved kunstakademiet i Trondheim. I 2017 mottok hun Gerdi Jacobs kunstnerstipend. Rudjords verker befinner seg oftest mellom spennet mellom maleri og grafikk, og installasjon. Rudjord er inspirert av popkulturelle fenomener, som lett tilgjengelig vitenskaper, sosiale medier og grafiske romaner.<\/p>\n\n\n\n<p class=\"has-small-font-size\"><a href=\"https:\/\/www.vilderudjord.com\/\">https:\/\/www.vilderudjord.com\/<\/a><\/p>\n\n\n\n<figure class=\"wp-block-image size-large\"><img loading=\"lazy\" decoding=\"async\" width=\"1024\" height=\"682\" src=\"http:\/\/slapakunst.com\/wp-content\/uploads\/Vinduene_Rudjord7011b-1024x682.jpg\" alt=\"\" class=\"wp-image-950\" srcset=\"http:\/\/slapakunst.com\/wp-content\/uploads\/Vinduene_Rudjord7011b-1024x682.jpg 1024w, http:\/\/slapakunst.com\/wp-content\/uploads\/Vinduene_Rudjord7011b-300x200.jpg 300w, http:\/\/slapakunst.com\/wp-content\/uploads\/Vinduene_Rudjord7011b-768x512.jpg 768w, http:\/\/slapakunst.com\/wp-content\/uploads\/Vinduene_Rudjord7011b-1536x1024.jpg 1536w, http:\/\/slapakunst.com\/wp-content\/uploads\/Vinduene_Rudjord7011b.jpg 2000w\" sizes=\"auto, (max-width: 1024px) 100vw, 1024px\" \/><\/figure>\n\n\n\n<p class=\"has-small-font-size\">\/<\/p>\n\n\n\n<p class=\"has-small-font-size\"><strong>MS Paint<\/strong><br>Digital print, 59,4 x 42 cm each (10+1AP)<br>3000 NOK + 5%<\/p>\n\n\n\n<p class=\"has-small-font-size\">In this series of work Rudjord revisits an old technique. The graphics she is showing is made in a limited and simple drawing program: MS Paint. A tools she knows well, but haven&#8217;t used in over 10 years. What happens when revisits something we&#8217;ve left behind? <br><br>Rudjord grew up with this rough drawing program as a child of early 2000, and she is now using it as a graphic tool by itself, and as a reflection on time. The program&#8217;s limitations and flatness has a distinctive expression which the artist is actively working with. Through bright colored areas the images play on the notion of a lost world and what contemporary art is today. <\/p>\n\n\n\n<p class=\"has-small-font-size\"><strong>Vilde Rudjord<\/strong> (1995, Norway) is a graduating student at the Academy of Fine Arts in Trondheim. In 2017 she received the Gerdi Jacobs arts stipend. Rudjords works lie in the span between painting, graphic and installation. Rudjord is inspired by pop-cultural phenomenons, easily accessed science, social media and graphic novelles. <\/p>\n\n\n\n<p class=\"has-small-font-size\"><a href=\"https:\/\/www.vilderudjord.com\/\">https:\/\/www.vilderudjord.com\/<\/a><\/p>\n","protected":false},"excerpt":{"rendered":"<p>MS PaintDigital grafikk, 6 stk \u00e1 59,4 x 42 cm (10+1AP)3000 NOK + 5% I denne serien tar Rudjord opp en gammel arbeidsmetode. Grafikken hun viser er laget i et begrenset og simpelt tegneprogram: MS Paint. Et verkt\u00f8y hun kjenner godt, men ikke har brukt p\u00e5 over 10 \u00e5r. Hva skjer n\u00e5r vi tar opp &hellip; <a href=\"http:\/\/slapakunst.com\/kjolelageret\/vinduene\/vilde-rudjord\/\" class=\"more-link\">Continue reading <span class=\"screen-reader-text\">Vilde Rudjord<\/span><\/a><\/p>\n","protected":false},"author":2,"featured_media":0,"parent":911,"menu_order":0,"comment_status":"closed","ping_status":"closed","template":"","meta":{"jetpack_post_was_ever_published":false,"footnotes":""},"class_list":["post-948","page","type-page","status-publish","hentry"],"jetpack_sharing_enabled":true,"jetpack_shortlink":"https:\/\/wp.me\/P8JsMB-fi","_links":{"self":[{"href":"http:\/\/slapakunst.com\/kjolelageret\/wp-json\/wp\/v2\/pages\/948","targetHints":{"allow":["GET"]}}],"collection":[{"href":"http:\/\/slapakunst.com\/kjolelageret\/wp-json\/wp\/v2\/pages"}],"about":[{"href":"http:\/\/slapakunst.com\/kjolelageret\/wp-json\/wp\/v2\/types\/page"}],"author":[{"embeddable":true,"href":"http:\/\/slapakunst.com\/kjolelageret\/wp-json\/wp\/v2\/users\/2"}],"replies":[{"embeddable":true,"href":"http:\/\/slapakunst.com\/kjolelageret\/wp-json\/wp\/v2\/comments?post=948"}],"version-history":[{"count":5,"href":"http:\/\/slapakunst.com\/kjolelageret\/wp-json\/wp\/v2\/pages\/948\/revisions"}],"predecessor-version":[{"id":1034,"href":"http:\/\/slapakunst.com\/kjolelageret\/wp-json\/wp\/v2\/pages\/948\/revisions\/1034"}],"up":[{"embeddable":true,"href":"http:\/\/slapakunst.com\/kjolelageret\/wp-json\/wp\/v2\/pages\/911"}],"wp:attachment":[{"href":"http:\/\/slapakunst.com\/kjolelageret\/wp-json\/wp\/v2\/media?parent=948"}],"curies":[{"name":"wp","href":"https:\/\/api.w.org\/{rel}","templated":true}]}}