{"id":943,"date":"2020-03-27T18:18:08","date_gmt":"2020-03-27T18:18:08","guid":{"rendered":"http:\/\/slapakunst.com\/?page_id=943"},"modified":"2020-04-03T10:38:06","modified_gmt":"2020-04-03T10:38:06","slug":"reidun-synnove-gravelseter","status":"publish","type":"page","link":"http:\/\/slapakunst.com\/kjolelageret\/vinduene\/reidun-synnove-gravelseter\/","title":{"rendered":"Reidun Synn\u00f8ve Gravelseter"},"content":{"rendered":"\n<figure class=\"wp-block-image size-large\"><img loading=\"lazy\" decoding=\"async\" width=\"682\" height=\"1024\" src=\"http:\/\/slapakunst.com\/wp-content\/uploads\/Vinduene_Gravelseter6961b-682x1024.jpg\" alt=\"\" class=\"wp-image-944\" srcset=\"http:\/\/slapakunst.com\/wp-content\/uploads\/Vinduene_Gravelseter6961b-682x1024.jpg 682w, http:\/\/slapakunst.com\/wp-content\/uploads\/Vinduene_Gravelseter6961b-200x300.jpg 200w, http:\/\/slapakunst.com\/wp-content\/uploads\/Vinduene_Gravelseter6961b-768x1152.jpg 768w, http:\/\/slapakunst.com\/wp-content\/uploads\/Vinduene_Gravelseter6961b-1024x1536.jpg 1024w, http:\/\/slapakunst.com\/wp-content\/uploads\/Vinduene_Gravelseter6961b.jpg 1333w\" sizes=\"auto, (max-width: 682px) 100vw, 682px\" \/><\/figure>\n\n\n\n<p class=\"has-small-font-size\"><strong>Utan Tittel<\/strong>, 2014<br>Digital grafikk, 66 x 80 cm (3+1AP)<br>9 500 nok (m\/ramme) + 5% <br><\/p>\n\n\n\n<p class=\"has-small-font-size\">&#8220;Det finnes ein liten stad i heimbygda mi. Nokre tr\u00e6r, sm\u00e5 vegar av vatn langs elva. Der jorda er mjuk, og vatnet er stille. Trea henger bare over kvarandre etter stormen i fjor. Graset veks h\u00f8gt, og stien er smal. Sj\u00f8lv om bilvegen ikkje er langt unna, kjennes dette som eit univers ingen veit om. Ein stad der alt kan skje. Der kva som helst kan skylje i land. Eg bes\u00f8ker ofte denne staden. Eg fotograferer her. Eg l\u00e5ner med meg vatn her. Eg graver ned tekstil her. Og h\u00e5par at stadens kjensle sitter igjen i det eg viser fram.&#8221;<br><\/p>\n\n\n\n<figure class=\"wp-block-image size-large\"><img loading=\"lazy\" decoding=\"async\" width=\"1024\" height=\"682\" src=\"http:\/\/slapakunst.com\/wp-content\/uploads\/Vinduene_Gravelseter6896b-1024x682.jpg\" alt=\"\" class=\"wp-image-945\" srcset=\"http:\/\/slapakunst.com\/wp-content\/uploads\/Vinduene_Gravelseter6896b-1024x682.jpg 1024w, http:\/\/slapakunst.com\/wp-content\/uploads\/Vinduene_Gravelseter6896b-300x200.jpg 300w, http:\/\/slapakunst.com\/wp-content\/uploads\/Vinduene_Gravelseter6896b-768x512.jpg 768w, http:\/\/slapakunst.com\/wp-content\/uploads\/Vinduene_Gravelseter6896b-1536x1024.jpg 1536w, http:\/\/slapakunst.com\/wp-content\/uploads\/Vinduene_Gravelseter6896b.jpg 2000w\" sizes=\"auto, (max-width: 1024px) 100vw, 1024px\" \/><\/figure>\n\n\n\n<p class=\"has-small-font-size\"><strong>Reidun Synn\u00f8ve Gravelseter <\/strong>har studert kunstfotografi ved Fotofagskulen og fullf\u00f8rte sin master ved Kunstakademiet i Trondheim i 2017. Ho jobbar hovudsakleg med fotografiske prosessar, men ogs\u00e5 maleri, tekst og tekstil. Vatn er eit gjennomg\u00e5ande tema i arbeida hennar, alt fr\u00e5 \u00e5 fotografera vatn, til \u00e5 bruke vatn til \u00e5 p\u00e5verke polaroidbileter, til \u00e5 t\u00f8rke vatn med pigmenter i. Prosjekta hennar omhandlar ofte minner og hukommelse.<\/p>\n\n\n\n<p class=\"has-small-font-size\"><a href=\"https:\/\/www.reidunsynnovegravelseter.com\/\">https:\/\/www.reidunsynnovegravelseter.com\/<\/a><\/p>\n\n\n\n<p class=\"has-small-font-size\">\/ <br><br><strong>Utan tittel<\/strong>, 2014<br>Inkjet print on fine art paper, 66 x 80cm (3+1AP)<br>9 500 NOK (with frame) + 5% <\/p>\n\n\n\n<p class=\"has-small-font-size\">&#8220;There is a place in my hometown. A few trees, small paths of water along the river. Where the soil is soft, and the water is quiet. The trees are hanging above each other after last years storm. The grass grows high, the path is narrow. It feels like a universe no one is aware of, even though the car road is not far away. A place where anything could happen. Where anything could flush ashore. I often visit this place. I photograph here. I borrow the water from here. I burry textile her. And hope the feeling of the place lingers in the art I show.&#8221;<\/p>\n\n\n\n<p class=\"has-small-font-size\"><strong>Reidun Synn\u00f8ve Gravelseter <\/strong>studied art photography at Fotofagskolen and finished her master degree at the Trondheim Academy of Fine Art in 2017. She mainly works with photographic processes, but also painting, text and textile. Water is a recurring theme in her works, from photographing water, to using water to affect polaroids and drying water with pigments in. Her projects often deal with memories and memory.<\/p>\n\n\n\n<p class=\"has-small-font-size\"><a href=\"https:\/\/www.reidunsynnovegravelseter.com\/\">https:\/\/www.reidunsynnovegravelseter.com\/<\/a><br><\/p>\n","protected":false},"excerpt":{"rendered":"<p>Utan Tittel, 2014Digital grafikk, 66 x 80 cm (3+1AP)9 500 nok (m\/ramme) + 5% &#8220;Det finnes ein liten stad i heimbygda mi. Nokre tr\u00e6r, sm\u00e5 vegar av vatn langs elva. Der jorda er mjuk, og vatnet er stille. Trea henger bare over kvarandre etter stormen i fjor. Graset veks h\u00f8gt, og stien er smal. Sj\u00f8lv &hellip; <a href=\"http:\/\/slapakunst.com\/kjolelageret\/vinduene\/reidun-synnove-gravelseter\/\" class=\"more-link\">Continue reading <span class=\"screen-reader-text\">Reidun Synn\u00f8ve Gravelseter<\/span><\/a><\/p>\n","protected":false},"author":2,"featured_media":0,"parent":911,"menu_order":0,"comment_status":"closed","ping_status":"closed","template":"","meta":{"jetpack_post_was_ever_published":false,"footnotes":""},"class_list":["post-943","page","type-page","status-publish","hentry"],"jetpack_sharing_enabled":true,"jetpack_shortlink":"https:\/\/wp.me\/P8JsMB-fd","_links":{"self":[{"href":"http:\/\/slapakunst.com\/kjolelageret\/wp-json\/wp\/v2\/pages\/943","targetHints":{"allow":["GET"]}}],"collection":[{"href":"http:\/\/slapakunst.com\/kjolelageret\/wp-json\/wp\/v2\/pages"}],"about":[{"href":"http:\/\/slapakunst.com\/kjolelageret\/wp-json\/wp\/v2\/types\/page"}],"author":[{"embeddable":true,"href":"http:\/\/slapakunst.com\/kjolelageret\/wp-json\/wp\/v2\/users\/2"}],"replies":[{"embeddable":true,"href":"http:\/\/slapakunst.com\/kjolelageret\/wp-json\/wp\/v2\/comments?post=943"}],"version-history":[{"count":5,"href":"http:\/\/slapakunst.com\/kjolelageret\/wp-json\/wp\/v2\/pages\/943\/revisions"}],"predecessor-version":[{"id":1037,"href":"http:\/\/slapakunst.com\/kjolelageret\/wp-json\/wp\/v2\/pages\/943\/revisions\/1037"}],"up":[{"embeddable":true,"href":"http:\/\/slapakunst.com\/kjolelageret\/wp-json\/wp\/v2\/pages\/911"}],"wp:attachment":[{"href":"http:\/\/slapakunst.com\/kjolelageret\/wp-json\/wp\/v2\/media?parent=943"}],"curies":[{"name":"wp","href":"https:\/\/api.w.org\/{rel}","templated":true}]}}