{"id":852,"date":"2019-02-24T15:52:02","date_gmt":"2019-02-24T15:52:02","guid":{"rendered":"http:\/\/slapakunst.com\/?page_id=852"},"modified":"2020-04-03T14:53:36","modified_gmt":"2020-04-03T14:53:36","slug":"stadlaust-hjarta","status":"publish","type":"page","link":"http:\/\/slapakunst.com\/kjolelageret\/prosjekter\/stadlaust-hjarta\/","title":{"rendered":"Sta\u00f0laust Hjarta"},"content":{"rendered":"\n<p class=\"has-small-font-size p1\"><span class=\"s1\"><b>Sta\u00f0laust Hjarta<br><\/b>Kj\u00f8pmannsgata Ung Kunst (KUK)<br>21. \u2013 24. februar 2019<\/span><br><br>Eva Ballo \/ Kristine Wathne \/ <a href=\"https:\/\/cargocollective.com\/mwg\">Matilde Westavik Gaustad<\/a> \/ <a href=\"https:\/\/www.marioseland.com\/\">Mari Oseland<\/a> \/ Niklas Delin \/ <a href=\"http:\/\/theameinert.com\/\">Thea Meinert<\/a><br>Performance v\/ ASTER l\u00f8rdag 23. februar<\/p>\n\n\n\n<figure class=\"wp-block-image\"><img loading=\"lazy\" decoding=\"async\" width=\"819\" height=\"1024\" src=\"http:\/\/slapakunst.com\/wp-content\/uploads\/instagram_2-819x1024.jpg\" alt=\"\" class=\"wp-image-860\" srcset=\"http:\/\/slapakunst.com\/wp-content\/uploads\/instagram_2-819x1024.jpg 819w, http:\/\/slapakunst.com\/wp-content\/uploads\/instagram_2-240x300.jpg 240w, http:\/\/slapakunst.com\/wp-content\/uploads\/instagram_2-768x960.jpg 768w\" sizes=\"auto, (max-width: 819px) 100vw, 819px\" \/><\/figure>\n\n\n\n<p class=\"has-small-font-size p3\"><span class=\"s1\">Sta\u00f0laust Hjarta kan oversettes til \u2018ubundet hjerte\u2019 og er l\u00e5nt fra en islandsk artist, Teitur Magn\u00fasson. Tittelen kom til Trondheim via Eva Ballo og smykker n\u00e5 en pop-up-utstilling p\u00e5 K-U-K.<\/span><br><br>Sl\u00e5 P\u00e5 Kunst har invitert seks unge kunstnere til \u00e5 delta med verker som bindes sammen av form og uttrykk. Vi f\u00e5r se mange ulike overflater og arbeidsm\u00e5ter, men kjenner stadig vekk behovet for \u00e5 definere og kjenne p\u00e5 materialene for \u00e5 se hva som ligger under overflaten.<br><br>\/<br><br><strong>Sta\u00f0laust Hjarta<br><\/strong>Kj\u00f8pmannsgata Ung Kunst (KUK)<br>21 \u2013 24 February 2019<br><br>Eva Ballo \/ <a href=\"https:\/\/wathnestudios.com\/\">Kristine Wathne<\/a> \/\u00a0<a href=\"https:\/\/cargocollective.com\/mwg\">Matilde Westavik Gaustad<\/a>\u00a0\/\u00a0<a href=\"https:\/\/www.marioseland.com\/\">Mari Oseland<\/a>\u00a0\/ Niklas Delin \/\u00a0<a href=\"http:\/\/theameinert.com\/\">Thea Meinert<br><\/a>Performance w\/ ASTER Saturday 23 February at 4 pm <br><br>Sta\u00f0laust Hjarta could be translated to \u2018unbound heart\u2019 and was borrowed from, Teitur Magn\u00fasson, an Icelandic artist. The title came to Trondheim with Eva Ballo and now lends its name to a pop up exhibition at KUK.<br><br>Sl\u00e5 P\u00e5 Kunst has invited six young artists to contribute with works connected by form and expression. We are exposed to different surfaces and methods, but are constantly revisited by the need to define and feel the materials to find out what is underneath the surface.<br><\/p>\n\n\n\n<figure class=\"wp-block-gallery columns-1 wp-block-gallery-1 is-layout-flex wp-block-gallery-is-layout-flex\"><ul class=\"blocks-gallery-grid\"><li class=\"blocks-gallery-item\"><figure><img loading=\"lazy\" decoding=\"async\" width=\"2000\" height=\"1333\" src=\"http:\/\/slapakunst.com\/wp-content\/uploads\/Sta\u00f0laust-Hjarta_1.jpg\" alt=\"\" data-id=\"1056\" data-link=\"http:\/\/slapakunst.com\/prosjekter\/stadlaust-hjarta\/stadlaust-hjarta_1\/\" class=\"wp-image-1056\" srcset=\"http:\/\/slapakunst.com\/wp-content\/uploads\/Sta\u00f0laust-Hjarta_1.jpg 2000w, http:\/\/slapakunst.com\/wp-content\/uploads\/Sta\u00f0laust-Hjarta_1-300x200.jpg 300w, http:\/\/slapakunst.com\/wp-content\/uploads\/Sta\u00f0laust-Hjarta_1-1024x682.jpg 1024w, http:\/\/slapakunst.com\/wp-content\/uploads\/Sta\u00f0laust-Hjarta_1-768x512.jpg 768w, http:\/\/slapakunst.com\/wp-content\/uploads\/Sta\u00f0laust-Hjarta_1-1536x1024.jpg 1536w\" sizes=\"auto, (max-width: 2000px) 100vw, 2000px\" \/><\/figure><\/li><li class=\"blocks-gallery-item\"><figure><img loading=\"lazy\" decoding=\"async\" width=\"1946\" height=\"1333\" src=\"http:\/\/slapakunst.com\/wp-content\/uploads\/Sta\u00f0laust-Hjarta2.jpg\" alt=\"\" data-id=\"1057\" data-link=\"http:\/\/slapakunst.com\/prosjekter\/stadlaust-hjarta\/stadlaust-hjarta2\/\" class=\"wp-image-1057\" srcset=\"http:\/\/slapakunst.com\/wp-content\/uploads\/Sta\u00f0laust-Hjarta2.jpg 1946w, http:\/\/slapakunst.com\/wp-content\/uploads\/Sta\u00f0laust-Hjarta2-300x205.jpg 300w, http:\/\/slapakunst.com\/wp-content\/uploads\/Sta\u00f0laust-Hjarta2-1024x701.jpg 1024w, http:\/\/slapakunst.com\/wp-content\/uploads\/Sta\u00f0laust-Hjarta2-768x526.jpg 768w, http:\/\/slapakunst.com\/wp-content\/uploads\/Sta\u00f0laust-Hjarta2-1536x1052.jpg 1536w\" sizes=\"auto, (max-width: 1946px) 100vw, 1946px\" \/><\/figure><\/li><li class=\"blocks-gallery-item\"><figure><img loading=\"lazy\" decoding=\"async\" width=\"1968\" height=\"1333\" src=\"http:\/\/slapakunst.com\/wp-content\/uploads\/Sta\u00f0laust-Hjarta3.jpg\" alt=\"\" data-id=\"1058\" data-link=\"http:\/\/slapakunst.com\/prosjekter\/stadlaust-hjarta\/stadlaust-hjarta3\/\" class=\"wp-image-1058\" srcset=\"http:\/\/slapakunst.com\/wp-content\/uploads\/Sta\u00f0laust-Hjarta3.jpg 1968w, http:\/\/slapakunst.com\/wp-content\/uploads\/Sta\u00f0laust-Hjarta3-300x203.jpg 300w, http:\/\/slapakunst.com\/wp-content\/uploads\/Sta\u00f0laust-Hjarta3-1024x694.jpg 1024w, http:\/\/slapakunst.com\/wp-content\/uploads\/Sta\u00f0laust-Hjarta3-768x520.jpg 768w, http:\/\/slapakunst.com\/wp-content\/uploads\/Sta\u00f0laust-Hjarta3-1536x1040.jpg 1536w\" sizes=\"auto, (max-width: 1968px) 100vw, 1968px\" \/><\/figure><\/li><li class=\"blocks-gallery-item\"><figure><img loading=\"lazy\" decoding=\"async\" width=\"2560\" height=\"1735\" src=\"http:\/\/slapakunst.com\/wp-content\/uploads\/Sta\u00f0laust-Hjarta4-scaled.jpg\" alt=\"\" data-id=\"1059\" data-link=\"http:\/\/slapakunst.com\/prosjekter\/stadlaust-hjarta\/stadlaust-hjarta4\/\" class=\"wp-image-1059\" srcset=\"http:\/\/slapakunst.com\/wp-content\/uploads\/Sta\u00f0laust-Hjarta4-scaled.jpg 2560w, http:\/\/slapakunst.com\/wp-content\/uploads\/Sta\u00f0laust-Hjarta4-300x203.jpg 300w, http:\/\/slapakunst.com\/wp-content\/uploads\/Sta\u00f0laust-Hjarta4-1024x694.jpg 1024w, http:\/\/slapakunst.com\/wp-content\/uploads\/Sta\u00f0laust-Hjarta4-768x521.jpg 768w, http:\/\/slapakunst.com\/wp-content\/uploads\/Sta\u00f0laust-Hjarta4-1536x1041.jpg 1536w, http:\/\/slapakunst.com\/wp-content\/uploads\/Sta\u00f0laust-Hjarta4-2048x1388.jpg 2048w\" sizes=\"auto, (max-width: 2560px) 100vw, 2560px\" \/><\/figure><\/li><li class=\"blocks-gallery-item\"><figure><img loading=\"lazy\" decoding=\"async\" width=\"2000\" height=\"1279\" src=\"http:\/\/slapakunst.com\/wp-content\/uploads\/Sta\u00f0laust-Hjarta5.jpg\" alt=\"\" data-id=\"1060\" data-link=\"http:\/\/slapakunst.com\/prosjekter\/stadlaust-hjarta\/stadlaust-hjarta5\/\" class=\"wp-image-1060\" srcset=\"http:\/\/slapakunst.com\/wp-content\/uploads\/Sta\u00f0laust-Hjarta5.jpg 2000w, http:\/\/slapakunst.com\/wp-content\/uploads\/Sta\u00f0laust-Hjarta5-300x192.jpg 300w, http:\/\/slapakunst.com\/wp-content\/uploads\/Sta\u00f0laust-Hjarta5-1024x655.jpg 1024w, http:\/\/slapakunst.com\/wp-content\/uploads\/Sta\u00f0laust-Hjarta5-768x491.jpg 768w, http:\/\/slapakunst.com\/wp-content\/uploads\/Sta\u00f0laust-Hjarta5-1536x982.jpg 1536w\" sizes=\"auto, (max-width: 2000px) 100vw, 2000px\" \/><\/figure><\/li><li class=\"blocks-gallery-item\"><figure><img loading=\"lazy\" decoding=\"async\" width=\"1818\" height=\"1333\" src=\"http:\/\/slapakunst.com\/wp-content\/uploads\/Sta\u00f0laust-Hjarta6.jpg\" alt=\"\" data-id=\"1061\" data-link=\"http:\/\/slapakunst.com\/prosjekter\/stadlaust-hjarta\/stadlaust-hjarta6\/\" class=\"wp-image-1061\" srcset=\"http:\/\/slapakunst.com\/wp-content\/uploads\/Sta\u00f0laust-Hjarta6.jpg 1818w, http:\/\/slapakunst.com\/wp-content\/uploads\/Sta\u00f0laust-Hjarta6-300x220.jpg 300w, http:\/\/slapakunst.com\/wp-content\/uploads\/Sta\u00f0laust-Hjarta6-1024x751.jpg 1024w, http:\/\/slapakunst.com\/wp-content\/uploads\/Sta\u00f0laust-Hjarta6-768x563.jpg 768w, http:\/\/slapakunst.com\/wp-content\/uploads\/Sta\u00f0laust-Hjarta6-1536x1126.jpg 1536w\" sizes=\"auto, (max-width: 1818px) 100vw, 1818px\" \/><\/figure><\/li><\/ul><\/figure>\n","protected":false},"excerpt":{"rendered":"<p>Sta\u00f0laust HjartaKj\u00f8pmannsgata Ung Kunst (KUK)21. \u2013 24. februar 2019 Eva Ballo \/ Kristine Wathne \/ Matilde Westavik Gaustad \/ Mari Oseland \/ Niklas Delin \/ Thea MeinertPerformance v\/ ASTER l\u00f8rdag 23. februar Sta\u00f0laust Hjarta kan oversettes til \u2018ubundet hjerte\u2019 og er l\u00e5nt fra en islandsk artist, Teitur Magn\u00fasson. Tittelen kom til Trondheim via Eva Ballo &hellip; <a href=\"http:\/\/slapakunst.com\/kjolelageret\/prosjekter\/stadlaust-hjarta\/\" class=\"more-link\">Continue reading <span class=\"screen-reader-text\">Sta\u00f0laust Hjarta<\/span><\/a><\/p>\n","protected":false},"author":3,"featured_media":0,"parent":655,"menu_order":0,"comment_status":"closed","ping_status":"closed","template":"","meta":{"jetpack_post_was_ever_published":false,"footnotes":""},"class_list":["post-852","page","type-page","status-publish","hentry"],"jetpack_sharing_enabled":true,"jetpack_shortlink":"https:\/\/wp.me\/P8JsMB-dK","_links":{"self":[{"href":"http:\/\/slapakunst.com\/kjolelageret\/wp-json\/wp\/v2\/pages\/852","targetHints":{"allow":["GET"]}}],"collection":[{"href":"http:\/\/slapakunst.com\/kjolelageret\/wp-json\/wp\/v2\/pages"}],"about":[{"href":"http:\/\/slapakunst.com\/kjolelageret\/wp-json\/wp\/v2\/types\/page"}],"author":[{"embeddable":true,"href":"http:\/\/slapakunst.com\/kjolelageret\/wp-json\/wp\/v2\/users\/3"}],"replies":[{"embeddable":true,"href":"http:\/\/slapakunst.com\/kjolelageret\/wp-json\/wp\/v2\/comments?post=852"}],"version-history":[{"count":12,"href":"http:\/\/slapakunst.com\/kjolelageret\/wp-json\/wp\/v2\/pages\/852\/revisions"}],"predecessor-version":[{"id":1062,"href":"http:\/\/slapakunst.com\/kjolelageret\/wp-json\/wp\/v2\/pages\/852\/revisions\/1062"}],"up":[{"embeddable":true,"href":"http:\/\/slapakunst.com\/kjolelageret\/wp-json\/wp\/v2\/pages\/655"}],"wp:attachment":[{"href":"http:\/\/slapakunst.com\/kjolelageret\/wp-json\/wp\/v2\/media?parent=852"}],"curies":[{"name":"wp","href":"https:\/\/api.w.org\/{rel}","templated":true}]}}