{"id":832,"date":"2019-01-20T21:55:07","date_gmt":"2019-01-20T21:55:07","guid":{"rendered":"http:\/\/slapakunst.com\/?page_id=832"},"modified":"2020-04-03T11:53:46","modified_gmt":"2020-04-03T11:53:46","slug":"sla-pa-kunst-pa-besok","status":"publish","type":"page","link":"http:\/\/slapakunst.com\/kjolelageret\/prosjekter\/sla-pa-kunst-pa-besok\/","title":{"rendered":"Sl\u00e5 P\u00e5 Kunst p\u00e5 bes\u00f8k"},"content":{"rendered":"\n<figure class=\"wp-block-image\"><img loading=\"lazy\" decoding=\"async\" width=\"1024\" height=\"536\" src=\"http:\/\/slapakunst.com\/wp-content\/uploads\/fb-event-1024x536.jpg\" alt=\"\" class=\"wp-image-820\" srcset=\"http:\/\/slapakunst.com\/wp-content\/uploads\/fb-event-1024x536.jpg 1024w, http:\/\/slapakunst.com\/wp-content\/uploads\/fb-event-300x157.jpg 300w, http:\/\/slapakunst.com\/wp-content\/uploads\/fb-event-768x402.jpg 768w\" sizes=\"auto, (max-width: 1024px) 100vw, 1024px\" \/><\/figure>\n\n\n\n<p class=\"has-small-font-size\">Eva Ballo, Per Formo, Reidun Synn\u00f8ve Gravelseter, \u00d8yunn Hustveit, Karoline S\u00e6tre og Eigil Forberg <br>27. okt \u2013 4. nov <br><br>Sl\u00e5 P\u00e5 Kunst viser verker av Eva Ballo, Per Formo, Reidun Synn\u00f8ve Gravelseter, \u00d8yunn Hustveit, Karoline S\u00e6tre og Eigil Forberg som en del av kunstbiennalen Trondheim Open. Kom innom hjemme-hos-utstillingen i Fj\u00e6regata 6 og se hvordan kunsten forandre rommet og rommet forandrer kunsten. <br><br>\u00c5pningstider: L\u00f8rdag og s\u00f8ndag kl 12 \u2013 16 (27.- 28.okt og 3.- 4.nov) <br>Intimkonsert\u00a0med Viktor Wilhelmsen: Tirsdag 30.okt <br>Salong om \u00e5 samle : S\u00f8ndag 4.nov\/<br><br>\/<br><br>Sl\u00e5 P\u00e5 Kunst House Call <br>27th of oct \u2013 4th of nov <br><br>Sl\u00e5 P\u00e5 Kunst is exhibiting works by Eva Ballo, Per Formo, Reidun Synn\u00f8ve Gravelseter, \u00d8yunn Hustveit, Karoline S\u00e6tre and Eigil Forberg as a part of the art biennale Trondheim Open. <br><br>Opening times: Saturday and Sunday 12 \u2013 4pm (27th-28th of oct and 3rd-4th of nov) Concert with Viktor Wilhelmsen: Tuesday the 30th<br>Salong on Curating: Sunday the 4th<br><br>Special thanks to Retro Trondheim     <\/p>\n\n\n\n<figure class=\"wp-block-image\"><img loading=\"lazy\" decoding=\"async\" width=\"1024\" height=\"1024\" src=\"http:\/\/slapakunst.com\/wp-content\/uploads\/IMG_1814b-1024x1024.jpg\" alt=\"\" class=\"wp-image-842\" srcset=\"http:\/\/slapakunst.com\/wp-content\/uploads\/IMG_1814b-1024x1024.jpg 1024w, http:\/\/slapakunst.com\/wp-content\/uploads\/IMG_1814b-150x150.jpg 150w, http:\/\/slapakunst.com\/wp-content\/uploads\/IMG_1814b-300x300.jpg 300w, http:\/\/slapakunst.com\/wp-content\/uploads\/IMG_1814b-768x768.jpg 768w, http:\/\/slapakunst.com\/wp-content\/uploads\/IMG_1814b.jpg 2000w\" sizes=\"auto, (max-width: 1024px) 100vw, 1024px\" \/><\/figure>\n\n\n\n<figure class=\"wp-block-image\"><img loading=\"lazy\" decoding=\"async\" width=\"1024\" height=\"682\" src=\"http:\/\/slapakunst.com\/wp-content\/uploads\/IMG_1800b-1024x682.jpg\" alt=\"\" class=\"wp-image-843\" srcset=\"http:\/\/slapakunst.com\/wp-content\/uploads\/IMG_1800b-1024x682.jpg 1024w, http:\/\/slapakunst.com\/wp-content\/uploads\/IMG_1800b-300x200.jpg 300w, http:\/\/slapakunst.com\/wp-content\/uploads\/IMG_1800b-768x512.jpg 768w, http:\/\/slapakunst.com\/wp-content\/uploads\/IMG_1800b.jpg 2000w\" sizes=\"auto, (max-width: 1024px) 100vw, 1024px\" \/><\/figure>\n\n\n\n<figure class=\"wp-block-image\"><img loading=\"lazy\" decoding=\"async\" width=\"682\" height=\"1024\" src=\"http:\/\/slapakunst.com\/wp-content\/uploads\/IMG_1758b-682x1024.jpg\" alt=\"\" class=\"wp-image-844\" srcset=\"http:\/\/slapakunst.com\/wp-content\/uploads\/IMG_1758b-682x1024.jpg 682w, http:\/\/slapakunst.com\/wp-content\/uploads\/IMG_1758b-200x300.jpg 200w, http:\/\/slapakunst.com\/wp-content\/uploads\/IMG_1758b-768x1152.jpg 768w, http:\/\/slapakunst.com\/wp-content\/uploads\/IMG_1758b.jpg 1333w\" sizes=\"auto, (max-width: 682px) 100vw, 682px\" \/><\/figure>\n\n\n\n<figure class=\"wp-block-image\"><img loading=\"lazy\" decoding=\"async\" width=\"682\" height=\"1024\" src=\"http:\/\/slapakunst.com\/wp-content\/uploads\/IMG_1725b-682x1024.jpg\" alt=\"\" class=\"wp-image-845\" srcset=\"http:\/\/slapakunst.com\/wp-content\/uploads\/IMG_1725b-682x1024.jpg 682w, http:\/\/slapakunst.com\/wp-content\/uploads\/IMG_1725b-200x300.jpg 200w, http:\/\/slapakunst.com\/wp-content\/uploads\/IMG_1725b-768x1152.jpg 768w, http:\/\/slapakunst.com\/wp-content\/uploads\/IMG_1725b.jpg 1333w\" sizes=\"auto, (max-width: 682px) 100vw, 682px\" \/><\/figure>\n","protected":false},"excerpt":{"rendered":"<p>Eva Ballo, Per Formo, Reidun Synn\u00f8ve Gravelseter, \u00d8yunn Hustveit, Karoline S\u00e6tre og Eigil Forberg 27. okt \u2013 4. nov Sl\u00e5 P\u00e5 Kunst viser verker av Eva Ballo, Per Formo, Reidun Synn\u00f8ve Gravelseter, \u00d8yunn Hustveit, Karoline S\u00e6tre og Eigil Forberg som en del av kunstbiennalen Trondheim Open. Kom innom hjemme-hos-utstillingen i Fj\u00e6regata 6 og se hvordan &hellip; <a href=\"http:\/\/slapakunst.com\/kjolelageret\/prosjekter\/sla-pa-kunst-pa-besok\/\" class=\"more-link\">Continue reading <span class=\"screen-reader-text\">Sl\u00e5 P\u00e5 Kunst p\u00e5 bes\u00f8k<\/span><\/a><\/p>\n","protected":false},"author":3,"featured_media":0,"parent":655,"menu_order":0,"comment_status":"closed","ping_status":"closed","template":"","meta":{"jetpack_post_was_ever_published":false,"footnotes":""},"class_list":["post-832","page","type-page","status-publish","hentry"],"jetpack_sharing_enabled":true,"jetpack_shortlink":"https:\/\/wp.me\/P8JsMB-dq","_links":{"self":[{"href":"http:\/\/slapakunst.com\/kjolelageret\/wp-json\/wp\/v2\/pages\/832","targetHints":{"allow":["GET"]}}],"collection":[{"href":"http:\/\/slapakunst.com\/kjolelageret\/wp-json\/wp\/v2\/pages"}],"about":[{"href":"http:\/\/slapakunst.com\/kjolelageret\/wp-json\/wp\/v2\/types\/page"}],"author":[{"embeddable":true,"href":"http:\/\/slapakunst.com\/kjolelageret\/wp-json\/wp\/v2\/users\/3"}],"replies":[{"embeddable":true,"href":"http:\/\/slapakunst.com\/kjolelageret\/wp-json\/wp\/v2\/comments?post=832"}],"version-history":[{"count":17,"href":"http:\/\/slapakunst.com\/kjolelageret\/wp-json\/wp\/v2\/pages\/832\/revisions"}],"predecessor-version":[{"id":1054,"href":"http:\/\/slapakunst.com\/kjolelageret\/wp-json\/wp\/v2\/pages\/832\/revisions\/1054"}],"up":[{"embeddable":true,"href":"http:\/\/slapakunst.com\/kjolelageret\/wp-json\/wp\/v2\/pages\/655"}],"wp:attachment":[{"href":"http:\/\/slapakunst.com\/kjolelageret\/wp-json\/wp\/v2\/media?parent=832"}],"curies":[{"name":"wp","href":"https:\/\/api.w.org\/{rel}","templated":true}]}}