{"id":725,"date":"2018-03-21T22:20:57","date_gmt":"2018-03-21T22:20:57","guid":{"rendered":"http:\/\/slapakunst.com\/?page_id=725"},"modified":"2020-04-10T07:58:41","modified_gmt":"2020-04-10T07:58:41","slug":"eva-ballo","status":"publish","type":"page","link":"http:\/\/slapakunst.com\/kjolelageret\/prosjekter\/eva-ballo\/","title":{"rendered":"Eva Ballo"},"content":{"rendered":"\n<p class=\"has-small-font-size p1\"><span class=\"s1\">For de som lengter etter mer enn hva et f\u00f8rste blikk kan gi<br>24.3 \u2013 1.4.2018<\/span><\/p>\n\n\n\n<p class=\"has-small-font-size p1\"><span style=\"font-weight: 400;\">\u201cJeg jobber med tekstilmaleri, skulptur og installasjon. I arbeidene mine bruker jeg materialer og teknikker som er langsomme og h\u00e5ndverksbaserte. Jeg viser tekstile skulpturer, sydd i bomullsstoff, dekorert med m\u00f8nster laget ved hjelp av voks og tekstilfarge. Min interessere ligger i forskyvninger og misforst\u00e5elser som oppst\u00e5r n\u00e5r man tolker verden rundt seg gjennom det materielle. <\/span><span style=\"font-weight: 400;\"><br><\/span><span style=\"font-weight: 400;\">I Tusen\u00e5rskiosken forholder utstillingen seg til kroppen og klesplagg som en m\u00e5te \u00e5 leke med det narrative. Hvorp\u00e5 en h\u00e5nd blir til en skygge, en renholdes drakt tar form som et evighets symbol , og den forvunnede skilpadden fra Fontana della Tartarughe kan sees som en alt for stor hatt.\u201d<\/span><\/p>\n\n\n\n<p class=\"p1\">\/<\/p>\n\n\n\n<p class=\"has-small-font-size p1\">&#8220;My work involves textile painting, sculpture and installation, using materials and <span style=\"font-weight: 400;\">techniques<\/span> that are time-consuming and craft-based. In Tusen\u00e5rskiosken, I show textile sculptures, sewn in cotton fabric, decorated with patterns made by wax and textile dye. My interest is in misunderstandings or distortions that occur when interpreting the surrounding world through materials. At Tusen\u00e5rskiosken the exhibition relates to the body and clothing to play with this narrative, where a hand becomes a shadow, a cleaner\u2019s uniform takes the form of an infinity symbol, and the missing turtle from Fontana della Tartarughe can be seen as an oversized hat.&#8221;<\/p>\n\n\n\n<figure class=\"wp-block-image\"><img loading=\"lazy\" decoding=\"async\" width=\"1538\" height=\"1024\" src=\"http:\/\/slapakunst.com\/wp-content\/uploads\/dscf6476.jpg\" alt=\"\" class=\"wp-image-757\" srcset=\"http:\/\/slapakunst.com\/wp-content\/uploads\/dscf6476.jpg 1538w, http:\/\/slapakunst.com\/wp-content\/uploads\/dscf6476-300x200.jpg 300w, http:\/\/slapakunst.com\/wp-content\/uploads\/dscf6476-768x511.jpg 768w, http:\/\/slapakunst.com\/wp-content\/uploads\/dscf6476-1024x682.jpg 1024w\" sizes=\"auto, (max-width: 1538px) 100vw, 1538px\" \/><\/figure>\n\n\n\n<figure class=\"wp-block-image\"><img loading=\"lazy\" decoding=\"async\" width=\"1538\" height=\"1024\" src=\"http:\/\/slapakunst.com\/wp-content\/uploads\/dscf6509.jpg\" alt=\"\" class=\"wp-image-756\" srcset=\"http:\/\/slapakunst.com\/wp-content\/uploads\/dscf6509.jpg 1538w, http:\/\/slapakunst.com\/wp-content\/uploads\/dscf6509-300x200.jpg 300w, http:\/\/slapakunst.com\/wp-content\/uploads\/dscf6509-768x511.jpg 768w, http:\/\/slapakunst.com\/wp-content\/uploads\/dscf6509-1024x682.jpg 1024w\" sizes=\"auto, (max-width: 1538px) 100vw, 1538px\" \/><\/figure>\n\n\n\n<figure class=\"wp-block-image\"><img loading=\"lazy\" decoding=\"async\" width=\"1024\" height=\"1538\" src=\"http:\/\/slapakunst.com\/wp-content\/uploads\/dscf6504.jpg\" alt=\"\" class=\"wp-image-755\" srcset=\"http:\/\/slapakunst.com\/wp-content\/uploads\/dscf6504.jpg 1024w, http:\/\/slapakunst.com\/wp-content\/uploads\/dscf6504-200x300.jpg 200w, http:\/\/slapakunst.com\/wp-content\/uploads\/dscf6504-768x1154.jpg 768w, http:\/\/slapakunst.com\/wp-content\/uploads\/dscf6504-682x1024.jpg 682w\" sizes=\"auto, (max-width: 1024px) 100vw, 1024px\" \/><\/figure>\n","protected":false},"excerpt":{"rendered":"<p>For de som lengter etter mer enn hva et f\u00f8rste blikk kan gi24.3 \u2013 1.4.2018 \u201cJeg jobber med tekstilmaleri, skulptur og installasjon. I arbeidene mine bruker jeg materialer og teknikker som er langsomme og h\u00e5ndverksbaserte. Jeg viser tekstile skulpturer, sydd i bomullsstoff, dekorert med m\u00f8nster laget ved hjelp av voks og tekstilfarge. Min interessere ligger &hellip; <a href=\"http:\/\/slapakunst.com\/kjolelageret\/prosjekter\/eva-ballo\/\" class=\"more-link\">Continue reading <span class=\"screen-reader-text\">Eva Ballo<\/span><\/a><\/p>\n","protected":false},"author":3,"featured_media":0,"parent":655,"menu_order":0,"comment_status":"closed","ping_status":"closed","template":"","meta":{"jetpack_post_was_ever_published":false,"footnotes":""},"class_list":["post-725","page","type-page","status-publish","hentry"],"jetpack_sharing_enabled":true,"jetpack_shortlink":"https:\/\/wp.me\/P8JsMB-bH","_links":{"self":[{"href":"http:\/\/slapakunst.com\/kjolelageret\/wp-json\/wp\/v2\/pages\/725","targetHints":{"allow":["GET"]}}],"collection":[{"href":"http:\/\/slapakunst.com\/kjolelageret\/wp-json\/wp\/v2\/pages"}],"about":[{"href":"http:\/\/slapakunst.com\/kjolelageret\/wp-json\/wp\/v2\/types\/page"}],"author":[{"embeddable":true,"href":"http:\/\/slapakunst.com\/kjolelageret\/wp-json\/wp\/v2\/users\/3"}],"replies":[{"embeddable":true,"href":"http:\/\/slapakunst.com\/kjolelageret\/wp-json\/wp\/v2\/comments?post=725"}],"version-history":[{"count":8,"href":"http:\/\/slapakunst.com\/kjolelageret\/wp-json\/wp\/v2\/pages\/725\/revisions"}],"predecessor-version":[{"id":1083,"href":"http:\/\/slapakunst.com\/kjolelageret\/wp-json\/wp\/v2\/pages\/725\/revisions\/1083"}],"up":[{"embeddable":true,"href":"http:\/\/slapakunst.com\/kjolelageret\/wp-json\/wp\/v2\/pages\/655"}],"wp:attachment":[{"href":"http:\/\/slapakunst.com\/kjolelageret\/wp-json\/wp\/v2\/media?parent=725"}],"curies":[{"name":"wp","href":"https:\/\/api.w.org\/{rel}","templated":true}]}}