{"id":660,"date":"2018-02-23T00:20:01","date_gmt":"2018-02-23T00:20:01","guid":{"rendered":"http:\/\/slapakunst.com\/?page_id=660"},"modified":"2020-04-10T07:58:28","modified_gmt":"2020-04-10T07:58:28","slug":"reidun-synnove-gravelseter","status":"publish","type":"page","link":"http:\/\/slapakunst.com\/kjolelageret\/prosjekter\/reidun-synnove-gravelseter\/","title":{"rendered":"Reidun Synn\u00f8ve Gravelseter"},"content":{"rendered":"\n<p class=\"has-small-font-size\">My skin so thin (exposing all the black holes within)<br>Reidun Synn\u00f8ve Gravelseter<br>24\/02 &#8211; 04\/03\/2018<\/p>\n\n\n\n<p class=\"has-small-font-size\"><span style=\"font-weight: 400;\">My skin so thin (exposing all the black holes within) er ei utforsking av det materiale ved eit Polaroidbilete og korleis det reagerer i m\u00f8te med ei traumatisk hending, i dette tilfelle vatn. Ved \u00e5 drukne dei nostalgiske Polaroida, har dei f\u00e5tt ei ny form, strippa for konvensjonar, kunn fargereaksjonar og det taktile ved emulsjonen igjen. N\u00e5r eit Polaroidbilete blir plassert i vatn utvidar den fotografiske emulsjonen seg, men sidan det ikkje er plass til \u00e5 utvide seg begynner emulsjonen \u00e5 b\u00f8ye seg oppover i djupe folder som eit fascinerande draperi. Det fotografiske blir taktilt, som om fotografiet er eit tekstil, mens fotografiets funksjon med \u00e5 huske for oss, \u00e5 ta vare p\u00e5 minna, er fullstendig borte.<\/span><br><span style=\"font-weight: 400;\"><br><\/span>\/<br><br>My skin so thin (exposing all the black holes within) is an exploration of the material of the Polaroid picture and how it reacts to a traumatic experience, in this case, water. By drowning the nostalgic Polaroids, they take a new form, stripped of conventions, leaving only color reactions and the tactility of the emulsion. When a Polaroid picture is placed in water the photographic emulsion expands, but with nowhere to expand it bends and curls into deep folds like a fascinating drapery. The photographic becomes tactile, as if the photograph was a textile, while the function of the photograph, remembering for us, storing our memories, is completely gone.<\/p>\n\n\n\n<figure class=\"wp-block-image\"><img loading=\"lazy\" decoding=\"async\" width=\"1024\" height=\"682\" src=\"http:\/\/slapakunst.com\/wp-content\/uploads\/IMG_8278b-1024x682.jpg\" alt=\"\" class=\"wp-image-874\" srcset=\"http:\/\/slapakunst.com\/wp-content\/uploads\/IMG_8278b-1024x682.jpg 1024w, http:\/\/slapakunst.com\/wp-content\/uploads\/IMG_8278b-300x200.jpg 300w, http:\/\/slapakunst.com\/wp-content\/uploads\/IMG_8278b-768x512.jpg 768w, http:\/\/slapakunst.com\/wp-content\/uploads\/IMG_8278b.jpg 2000w\" sizes=\"auto, (max-width: 1024px) 100vw, 1024px\" \/><\/figure>\n\n\n\n<figure class=\"wp-block-image\"><img loading=\"lazy\" decoding=\"async\" width=\"2000\" height=\"1333\" src=\"http:\/\/slapakunst.com\/wp-content\/uploads\/IMG_8291b.jpg\" alt=\"\" class=\"wp-image-876\" srcset=\"http:\/\/slapakunst.com\/wp-content\/uploads\/IMG_8291b.jpg 2000w, http:\/\/slapakunst.com\/wp-content\/uploads\/IMG_8291b-300x200.jpg 300w, http:\/\/slapakunst.com\/wp-content\/uploads\/IMG_8291b-768x512.jpg 768w, http:\/\/slapakunst.com\/wp-content\/uploads\/IMG_8291b-1024x682.jpg 1024w\" sizes=\"auto, (max-width: 2000px) 100vw, 2000px\" \/><\/figure>\n\n\n\n<figure class=\"wp-block-image\"><img loading=\"lazy\" decoding=\"async\" width=\"1333\" height=\"2000\" src=\"http:\/\/slapakunst.com\/wp-content\/uploads\/IMG_8299b.jpg\" alt=\"\" class=\"wp-image-877\" srcset=\"http:\/\/slapakunst.com\/wp-content\/uploads\/IMG_8299b.jpg 1333w, http:\/\/slapakunst.com\/wp-content\/uploads\/IMG_8299b-200x300.jpg 200w, http:\/\/slapakunst.com\/wp-content\/uploads\/IMG_8299b-768x1152.jpg 768w, http:\/\/slapakunst.com\/wp-content\/uploads\/IMG_8299b-682x1024.jpg 682w\" sizes=\"auto, (max-width: 1333px) 100vw, 1333px\" \/><\/figure>\n\n\n\n<figure class=\"wp-block-image\"><img loading=\"lazy\" decoding=\"async\" width=\"1461\" height=\"1461\" src=\"http:\/\/slapakunst.com\/wp-content\/uploads\/pola051.jpg\" alt=\"\" class=\"wp-image-670\" srcset=\"http:\/\/slapakunst.com\/wp-content\/uploads\/pola051.jpg 1461w, http:\/\/slapakunst.com\/wp-content\/uploads\/pola051-150x150.jpg 150w, http:\/\/slapakunst.com\/wp-content\/uploads\/pola051-300x300.jpg 300w, http:\/\/slapakunst.com\/wp-content\/uploads\/pola051-768x768.jpg 768w, http:\/\/slapakunst.com\/wp-content\/uploads\/pola051-1024x1024.jpg 1024w\" sizes=\"auto, (max-width: 1461px) 100vw, 1461px\" \/><\/figure>\n","protected":false},"excerpt":{"rendered":"<p>My skin so thin (exposing all the black holes within)Reidun Synn\u00f8ve Gravelseter24\/02 &#8211; 04\/03\/2018 My skin so thin (exposing all the black holes within) er ei utforsking av det materiale ved eit Polaroidbilete og korleis det reagerer i m\u00f8te med ei traumatisk hending, i dette tilfelle vatn. Ved \u00e5 drukne dei nostalgiske Polaroida, har dei &hellip; <a href=\"http:\/\/slapakunst.com\/kjolelageret\/prosjekter\/reidun-synnove-gravelseter\/\" class=\"more-link\">Continue reading <span class=\"screen-reader-text\">Reidun Synn\u00f8ve Gravelseter<\/span><\/a><\/p>\n","protected":false},"author":3,"featured_media":0,"parent":655,"menu_order":0,"comment_status":"closed","ping_status":"closed","template":"","meta":{"jetpack_post_was_ever_published":false,"footnotes":""},"class_list":["post-660","page","type-page","status-publish","hentry"],"jetpack_sharing_enabled":true,"jetpack_shortlink":"https:\/\/wp.me\/P8JsMB-aE","_links":{"self":[{"href":"http:\/\/slapakunst.com\/kjolelageret\/wp-json\/wp\/v2\/pages\/660","targetHints":{"allow":["GET"]}}],"collection":[{"href":"http:\/\/slapakunst.com\/kjolelageret\/wp-json\/wp\/v2\/pages"}],"about":[{"href":"http:\/\/slapakunst.com\/kjolelageret\/wp-json\/wp\/v2\/types\/page"}],"author":[{"embeddable":true,"href":"http:\/\/slapakunst.com\/kjolelageret\/wp-json\/wp\/v2\/users\/3"}],"replies":[{"embeddable":true,"href":"http:\/\/slapakunst.com\/kjolelageret\/wp-json\/wp\/v2\/comments?post=660"}],"version-history":[{"count":12,"href":"http:\/\/slapakunst.com\/kjolelageret\/wp-json\/wp\/v2\/pages\/660\/revisions"}],"predecessor-version":[{"id":1084,"href":"http:\/\/slapakunst.com\/kjolelageret\/wp-json\/wp\/v2\/pages\/660\/revisions\/1084"}],"up":[{"embeddable":true,"href":"http:\/\/slapakunst.com\/kjolelageret\/wp-json\/wp\/v2\/pages\/655"}],"wp:attachment":[{"href":"http:\/\/slapakunst.com\/kjolelageret\/wp-json\/wp\/v2\/media?parent=660"}],"curies":[{"name":"wp","href":"https:\/\/api.w.org\/{rel}","templated":true}]}}