{"id":17,"date":"2017-04-19T10:25:57","date_gmt":"2017-04-19T10:25:57","guid":{"rendered":"http:\/\/slapakunst.com\/?page_id=17"},"modified":"2020-04-15T13:12:55","modified_gmt":"2020-04-15T13:12:55","slug":"sla-pa-kunst","status":"publish","type":"page","link":"http:\/\/slapakunst.com\/kjolelageret\/sla-pa-kunst\/","title":{"rendered":"Om oss"},"content":{"rendered":"\n<p class=\"has-small-font-size\"><b>Sl\u00e5 P\u00e5 Kunst<\/b><\/p>\n\n\n\n<p class=\"has-small-font-size\"><span style=\"font-weight: 400;\">Sl\u00e5 P\u00e5 Kunst er et samarbeidsinitiativ for \u00e5 vise fram og selge kunst.<\/span> <span style=\"font-weight: 400;\">Vi jobber med \u00e5 kuratere kunst i hverdagslige omgivelser, ute p\u00e5 gata, inne p\u00e5 kj\u00f8pesenter, p\u00e5 restauranter og arbeidsplasser, med&nbsp;intensjon om \u00e5 synliggj\u00f8re samtidskunsten for de som ikke frekventerer galleriene jevnlig.<\/span><\/p>\n\n\n\n<p class=\"has-small-font-size\"><span style=\"font-weight: 400;\">Vi \u00f8nsker \u00e5 vise at kunst kan utvide milj\u00f8et den befinner seg i, og skape noe nytt i m\u00f8tet med rommet.&nbsp;Hovedfokuset til Sl\u00e5 P\u00e5 Kunst er \u00e5 n\u00e5 et nytt publikum og \u00e5 gj\u00f8re&nbsp;de oppmerksomme p\u00e5 lokal&nbsp;samtidskunst og&nbsp;\u00e5 \u00e5pne opp for at kj\u00f8p av original kunst blir en vanesak.<\/span><\/p>\n\n\n\n<p class=\"has-small-font-size\">\/<br><em><br><\/em>Sl\u00e5 P\u00e5 Kunst is a collaboration aiming at showing and selling art. We&nbsp;curate art in everyday surroundings, on the street, at the mall, in restaurants and work places, with the intention of making contemporary art&nbsp;more visible for those who do not frequent galleries on a regular basis.<\/p>\n\n\n\n<p class=\"has-small-font-size\">Our ambition is to show that art can transform the surroundings in which it is placed and create something new in the meeting-point with the space. The main goal for Sl\u00e5 P\u00e5 Kunst is to reach a new audience, make them aware of local, contemporary art and make buying original art a habit.<\/p>\n\n\n\n<p class=\"has-small-font-size\">Carlos A. Correia &amp; Inga Sk\u00e5lnes<\/p>\n\n\n\n<p class=\"has-small-font-size\">Kontakt oss p\u00e5 \/ Contact us at<br>jegvil@slapakunst.com<\/p>\n\n\n\n<p class=\"has-small-font-size\">Bes\u00f8k oss p\u00e5 <a href=\"https:\/\/www.instagram.com\/slapakunst\/\">\/<\/a> Visit us at&nbsp;<br><a href=\"https:\/\/www.instagram.com\/slapakunst\/\">Instagram<\/a>&nbsp;and&nbsp;<a href=\"https:\/\/www.facebook.com\/slapakunst\/\">Facebook<\/a><br><br><\/p>\n\n\n\n<figure class=\"wp-block-image size-large is-resized\"><img loading=\"lazy\" decoding=\"async\" src=\"http:\/\/slapakunst.com\/wp-content\/uploads\/Sla\u030aPa\u030aKunst_7562-1024x682.jpg\" alt=\"\" class=\"wp-image-1120\" width=\"512\" height=\"341\" srcset=\"http:\/\/slapakunst.com\/wp-content\/uploads\/Sla\u030aPa\u030aKunst_7562-1024x682.jpg 1024w, http:\/\/slapakunst.com\/wp-content\/uploads\/Sla\u030aPa\u030aKunst_7562-300x200.jpg 300w, http:\/\/slapakunst.com\/wp-content\/uploads\/Sla\u030aPa\u030aKunst_7562-768x512.jpg 768w, http:\/\/slapakunst.com\/wp-content\/uploads\/Sla\u030aPa\u030aKunst_7562-1536x1024.jpg 1536w, http:\/\/slapakunst.com\/wp-content\/uploads\/Sla\u030aPa\u030aKunst_7562.jpg 2000w\" sizes=\"auto, (max-width: 512px) 100vw, 512px\" \/><\/figure>\n","protected":false},"excerpt":{"rendered":"<p>Sl\u00e5 P\u00e5 Kunst Sl\u00e5 P\u00e5 Kunst er et samarbeidsinitiativ for \u00e5 vise fram og selge kunst. Vi jobber med \u00e5 kuratere kunst i hverdagslige omgivelser, ute p\u00e5 gata, inne p\u00e5 kj\u00f8pesenter, p\u00e5 restauranter og arbeidsplasser, med&nbsp;intensjon om \u00e5 synliggj\u00f8re samtidskunsten for de som ikke frekventerer galleriene jevnlig. Vi \u00f8nsker \u00e5 vise at kunst kan utvide &hellip; <a href=\"http:\/\/slapakunst.com\/kjolelageret\/sla-pa-kunst\/\" class=\"more-link\">Continue reading <span class=\"screen-reader-text\">Om oss<\/span><\/a><\/p>\n","protected":false},"author":2,"featured_media":0,"parent":0,"menu_order":0,"comment_status":"closed","ping_status":"closed","template":"","meta":{"jetpack_post_was_ever_published":false,"footnotes":""},"class_list":["post-17","page","type-page","status-publish","hentry"],"jetpack_sharing_enabled":true,"jetpack_shortlink":"https:\/\/wp.me\/P8JsMB-h","_links":{"self":[{"href":"http:\/\/slapakunst.com\/kjolelageret\/wp-json\/wp\/v2\/pages\/17","targetHints":{"allow":["GET"]}}],"collection":[{"href":"http:\/\/slapakunst.com\/kjolelageret\/wp-json\/wp\/v2\/pages"}],"about":[{"href":"http:\/\/slapakunst.com\/kjolelageret\/wp-json\/wp\/v2\/types\/page"}],"author":[{"embeddable":true,"href":"http:\/\/slapakunst.com\/kjolelageret\/wp-json\/wp\/v2\/users\/2"}],"replies":[{"embeddable":true,"href":"http:\/\/slapakunst.com\/kjolelageret\/wp-json\/wp\/v2\/comments?post=17"}],"version-history":[{"count":42,"href":"http:\/\/slapakunst.com\/kjolelageret\/wp-json\/wp\/v2\/pages\/17\/revisions"}],"predecessor-version":[{"id":1121,"href":"http:\/\/slapakunst.com\/kjolelageret\/wp-json\/wp\/v2\/pages\/17\/revisions\/1121"}],"wp:attachment":[{"href":"http:\/\/slapakunst.com\/kjolelageret\/wp-json\/wp\/v2\/media?parent=17"}],"curies":[{"name":"wp","href":"https:\/\/api.w.org\/{rel}","templated":true}]}}