{"id":1246,"date":"2021-06-18T11:17:32","date_gmt":"2021-06-18T11:17:32","guid":{"rendered":"http:\/\/slapakunst.com\/?page_id=1246"},"modified":"2022-01-16T15:05:42","modified_gmt":"2022-01-16T15:05:42","slug":"midtsommer","status":"publish","type":"page","link":"http:\/\/slapakunst.com\/kjolelageret\/midtsommer\/","title":{"rendered":"Midtsommer"},"content":{"rendered":"\n<p><strong>Heimdal Kunstforening + Sl\u00e5 P\u00e5 Kunst<\/strong><\/p>\n\n\n\n<figure class=\"wp-block-image size-large\"><img loading=\"lazy\" decoding=\"async\" width=\"1024\" height=\"536\" src=\"http:\/\/slapakunst.com\/wp-content\/uploads\/fb-event-1-1024x536.jpg\" alt=\"\" class=\"wp-image-1253\" srcset=\"http:\/\/slapakunst.com\/wp-content\/uploads\/fb-event-1-1024x536.jpg 1024w, http:\/\/slapakunst.com\/wp-content\/uploads\/fb-event-1-300x157.jpg 300w, http:\/\/slapakunst.com\/wp-content\/uploads\/fb-event-1-768x402.jpg 768w, http:\/\/slapakunst.com\/wp-content\/uploads\/fb-event-1-1536x804.jpg 1536w, http:\/\/slapakunst.com\/wp-content\/uploads\/fb-event-1-2048x1072.jpg 2048w\" sizes=\"auto, (max-width: 1024px) 100vw, 1024px\" \/><figcaption>*scroll for English*<\/figcaption><\/figure>\n\n\n\n<p>24.06.2021<\/p>\n\n\n\n<p class=\"has-medium-font-size\"><strong>04:43-22:59\u00a0<\/strong><br><strong>Lisa St\u00f8rseth Pettersen<\/strong><\/p>\n\n\n\n<p>Heimdal\/variable dimensjoner<\/p>\n\n\n\n<p>Verket best\u00e5r av blant annet en Subaru outback 2008-modell, lamper, repetisjon, unisone stemmer, et Sonor Teardrop trommesett og en popsang fra 2016 (It\u2019s Happening Again, Agnes Caroline Thaarup Obel).<\/p>\n\n\n\n<p>Tittelen er ogs\u00e5 start og slutt p\u00e5 verket, med f\u00f8rste tog til og siste tog fra Heimdal stasjon. Kanskje dropper du toget til fordel for siste l\u00e5t og bare blir igjen.<\/p>\n\n\n\n<p><strong>Program:<\/strong><br>04:43   Heimdal Stasjon 12,63 minutter<br>10.59&nbsp;  The Benny&#8217;s 12,63 minutter<br>13.03&nbsp;  Heimdal Kunstforening 9,18 minutter<br>15.05   Stjernegrillen 12,63 minutter<br>17.10   Rundkj\u00f8ring Heimdalsvegen\/Kattemskogen 4,21 minutter<br>18.58   Ringvollvegen 8,15 minutter<br>21.04   Grusvei, L\u00f8vaas G\u00e5rd 25 minutter<br>22.59   Heimdal stasjon 12,63 minutter<br><\/p>\n\n\n\n<p><strong>Deltagere:<\/strong><br>Arne Skjevik<br>Helge Fl\u00f8tre<br>Mia With-Kalland<br>Heimdal Politi<br>Magnus Sletnes<br>Marit Soini<br>Monica Skaffloth Andersen<br>Alma Olsen<br>Anette Rosten Gabrielsen<br>Elin Gr\u00f8tan<br>Ane Marte Grenstad<br>Monika Reiss<br>Ingvil Bj\u00f8rngaard<br>Bj\u00f8rn Sigurd Skjelbred<br>Besiana Ganiu<br>Carlos A. Correia<br>Inga Sk\u00e5lnes<br>Lisa St\u00f8rseth Pettersen<\/p>\n\n\n\n<p><\/p>\n\n\n\n<p>Av Heimdal Kunstforening i samarbeid med Sl\u00e5 P\u00e5 Kunst.<\/p>\n\n\n\n<p>Grafisk design av Joana Bruno.<\/p>\n\n\n\n<p>Prosjektet er st\u00f8ttet av Kulturr\u00e5det, Trondheim Kommune, Tr\u00f8ndelag Fylkeskommune og Norske Kunstforeninger.<\/p>\n\n\n\n<div class=\"wp-block-media-text alignwide is-stacked-on-mobile is-vertically-aligned-center\" style=\"grid-template-columns:35% auto\"><figure class=\"wp-block-media-text__media\"><img loading=\"lazy\" decoding=\"async\" width=\"683\" height=\"1024\" src=\"http:\/\/slapakunst.com\/wp-content\/uploads\/Portrait_Lisa-683x1024.jpg\" alt=\"\" class=\"wp-image-1256 size-full\" srcset=\"http:\/\/slapakunst.com\/wp-content\/uploads\/Portrait_Lisa-683x1024.jpg 683w, http:\/\/slapakunst.com\/wp-content\/uploads\/Portrait_Lisa-200x300.jpg 200w, http:\/\/slapakunst.com\/wp-content\/uploads\/Portrait_Lisa-768x1152.jpg 768w, http:\/\/slapakunst.com\/wp-content\/uploads\/Portrait_Lisa-1024x1536.jpg 1024w, http:\/\/slapakunst.com\/wp-content\/uploads\/Portrait_Lisa-1365x2048.jpg 1365w, http:\/\/slapakunst.com\/wp-content\/uploads\/Portrait_Lisa-scaled.jpg 1707w\" sizes=\"auto, (max-width: 683px) 100vw, 683px\" \/><\/figure><div class=\"wp-block-media-text__content\">\n<p class=\"has-normal-font-size\"><strong>Lisa St\u00f8rseth Pettersen <\/strong>er utdannet med mastergrad fra Kunstakademiet i Trondheim (2020). Arbeidene hennes er hovedsakelig performative, kontekstspesifikke hendelser knyttet til sted. De kan forst\u00e5es som kontrahistorier der tid, sted og hverdag beveger seg inn og ut av virkelighet og fiksjon. Arbeidene forholder seg til stedet som kontekst, men pr\u00f8ver samtidig \u00e5 etablere egne virkeligheter sammen med publikum og deltagere i verket, som igjen blir publikum fra sin egen posisjon i verket. Samarbeid og godvilje fra naboer, venner, familie, eiendomsmeglere, vaktmestere, arkitekter, administrasjonsarbeidere, sangere, forskere, h\u00e5ndverkere med flere er en essensiell og sentral del av hennes praksis og ferdige arbeid.<\/p>\n<\/div><\/div>\n\n\n\n<div class=\"wp-block-group\"><div class=\"wp-block-group__inner-container is-layout-flow wp-block-group-is-layout-flow\">\n<figure class=\"wp-block-gallery columns-2 wp-block-gallery-1 is-layout-flex wp-block-gallery-is-layout-flex\"><ul class=\"blocks-gallery-grid\"><li class=\"blocks-gallery-item\"><figure><img loading=\"lazy\" decoding=\"async\" width=\"768\" height=\"1024\" src=\"http:\/\/slapakunst.com\/wp-content\/uploads\/204466407_135177205381332_4913458147067080158_n-768x1024.jpg\" alt=\"\" data-id=\"1263\" data-full-url=\"http:\/\/slapakunst.com\/wp-content\/uploads\/204466407_135177205381332_4913458147067080158_n-scaled.jpg\" data-link=\"http:\/\/slapakunst.com\/midtsommer\/204466407_135177205381332_4913458147067080158_n\/\" class=\"wp-image-1263\" srcset=\"http:\/\/slapakunst.com\/wp-content\/uploads\/204466407_135177205381332_4913458147067080158_n-768x1024.jpg 768w, http:\/\/slapakunst.com\/wp-content\/uploads\/204466407_135177205381332_4913458147067080158_n-225x300.jpg 225w, http:\/\/slapakunst.com\/wp-content\/uploads\/204466407_135177205381332_4913458147067080158_n-1152x1536.jpg 1152w, http:\/\/slapakunst.com\/wp-content\/uploads\/204466407_135177205381332_4913458147067080158_n-1536x2048.jpg 1536w, http:\/\/slapakunst.com\/wp-content\/uploads\/204466407_135177205381332_4913458147067080158_n-scaled.jpg 1920w\" sizes=\"auto, (max-width: 768px) 100vw, 768px\" \/><\/figure><\/li><li class=\"blocks-gallery-item\"><figure><img loading=\"lazy\" decoding=\"async\" width=\"768\" height=\"1024\" src=\"http:\/\/slapakunst.com\/wp-content\/uploads\/205805271_843034406336127_3635504385532598086_n-768x1024.jpg\" alt=\"\" data-id=\"1264\" data-full-url=\"http:\/\/slapakunst.com\/wp-content\/uploads\/205805271_843034406336127_3635504385532598086_n-scaled.jpg\" data-link=\"http:\/\/slapakunst.com\/midtsommer\/205805271_843034406336127_3635504385532598086_n\/\" class=\"wp-image-1264\" srcset=\"http:\/\/slapakunst.com\/wp-content\/uploads\/205805271_843034406336127_3635504385532598086_n-768x1024.jpg 768w, http:\/\/slapakunst.com\/wp-content\/uploads\/205805271_843034406336127_3635504385532598086_n-225x300.jpg 225w, http:\/\/slapakunst.com\/wp-content\/uploads\/205805271_843034406336127_3635504385532598086_n-1152x1536.jpg 1152w, http:\/\/slapakunst.com\/wp-content\/uploads\/205805271_843034406336127_3635504385532598086_n-1536x2048.jpg 1536w, http:\/\/slapakunst.com\/wp-content\/uploads\/205805271_843034406336127_3635504385532598086_n-scaled.jpg 1920w\" sizes=\"auto, (max-width: 768px) 100vw, 768px\" \/><\/figure><\/li><\/ul><\/figure>\n<\/div><\/div>\n\n\n\n<p>\/\/<br><br>24.06.2021<\/p>\n\n\n\n<p style=\"font-size:30px\"><strong>04:43-22:59&nbsp;<\/strong><\/p>\n\n\n\n<p>Heimdal\/variable dimensions&nbsp;<\/p>\n\n\n\n<p>The work concists of, among other, a Subaru outback 2009 model, lamps, repetiotion, unison voices, a Sonor Teardrop drum kit and a pop song from 2016 (It\u2019s Happening Again, Agnes Caroline Thaarup Obel).<\/p>\n\n\n\n<p>The title is the start and the end point of the work, with the first and last train to and from Heimdal station. Maybe you drop the train in favor of the last song and just stay.&nbsp;<\/p>\n\n\n\n<p><strong>Program:<\/strong><br>04:43   Heimdal Station 12,63 minutes<br>10.59&nbsp;   The Benny&#8217;s 12,63 minutes<br>13.03&nbsp;   Heimdal Kunstforening 9,18 minutes<br>15.05    Stjernegrillen 12,63 minutes<br>17.10    The roundabout Heimdalsvegen\/Kattemskogen 4,21 minutes<br>18.58    Ringvollvegen 8,15 minutes<br>21.04    Gravel roadi, L\u00f8vaas Farm 25 minutes<br>22.59    Heimdal station 12,63 minutes<\/p>\n\n\n\n<p><\/p>\n\n\n\n<p><strong>Participants:<\/strong><br>Arne Skjevik<br>Helge Fl\u00f8tre<br>Mia With-Kalland<br>Heimdal Politi<br>Magnus Sletnes<br>Marit Soini<br>Monica Skaffloth Andersen<br>Alma Olsen<br>Anette Rosten Gabrielsen<br>Elin Gr\u00f8tan<br>Ane Marte Grenstad<br>Monika Reiss<br>Ingvil Bj\u00f8rngaard<br>Bj\u00f8rn Sigurd Skjelbred<br>Besiana Ganiu<br>Carlos A. Correia<br>Inga Sk\u00e5lnes<br>Lisa St\u00f8rseth Pettersen<\/p>\n\n\n\n<p>By Heimdal Kunstforening in collaboration with Sl\u00e5 P\u00e5 Kunst.<\/p>\n\n\n\n<p>Design by Joana Bruno<\/p>\n\n\n\n<p>The project is supported by Arts Council Norway, Trondheim Kommune, Tr\u00f8ndelag Fylkeskommune and Norske Kunstforeninger.<br><\/p>\n\n\n\n<div class=\"wp-block-media-text alignwide is-stacked-on-mobile is-vertically-aligned-center\" style=\"grid-template-columns:35% auto\"><figure class=\"wp-block-media-text__media\"><img loading=\"lazy\" decoding=\"async\" width=\"683\" height=\"1024\" src=\"http:\/\/slapakunst.com\/wp-content\/uploads\/Portrait_Lisa-683x1024.jpg\" alt=\"\" class=\"wp-image-1256 size-full\" srcset=\"http:\/\/slapakunst.com\/wp-content\/uploads\/Portrait_Lisa-683x1024.jpg 683w, http:\/\/slapakunst.com\/wp-content\/uploads\/Portrait_Lisa-200x300.jpg 200w, http:\/\/slapakunst.com\/wp-content\/uploads\/Portrait_Lisa-768x1152.jpg 768w, http:\/\/slapakunst.com\/wp-content\/uploads\/Portrait_Lisa-1024x1536.jpg 1024w, http:\/\/slapakunst.com\/wp-content\/uploads\/Portrait_Lisa-1365x2048.jpg 1365w, http:\/\/slapakunst.com\/wp-content\/uploads\/Portrait_Lisa-scaled.jpg 1707w\" sizes=\"auto, (max-width: 683px) 100vw, 683px\" \/><\/figure><div class=\"wp-block-media-text__content\">\n<p class=\"has-normal-font-size\"><strong>Lisa St\u00f8rseth Pettersen<\/strong> holds an MA from Trondheim Academy of Fine Art (2020). Her works are mainly performative, context-specific events related to place. They can be understood as counter-stories where time, place and everyday life move in and out of reality and fiction. The works relate to the place as a context, but at the same time tries to establish a reality together with the audience and participants in the work, which in turn becomes the audience from their own position in the work. Cooperation and goodwill from neighbors, friends, family, real estate agents, janitors, architects, administrative workers, singers, researchers, craftsmen and more is an essential and central part of her practice and finished work.<\/p>\n<\/div><\/div>\n","protected":false},"excerpt":{"rendered":"<p>Heimdal Kunstforening + Sl\u00e5 P\u00e5 Kunst 24.06.2021 04:43-22:59\u00a0Lisa St\u00f8rseth Pettersen Heimdal\/variable dimensjoner Verket best\u00e5r av blant annet en Subaru outback 2008-modell, lamper, repetisjon, unisone stemmer, et Sonor Teardrop trommesett og en popsang fra 2016 (It\u2019s Happening Again, Agnes Caroline Thaarup Obel). Tittelen er ogs\u00e5 start og slutt p\u00e5 verket, med f\u00f8rste tog til og siste &hellip; <a href=\"http:\/\/slapakunst.com\/kjolelageret\/midtsommer\/\" class=\"more-link\">Continue reading <span class=\"screen-reader-text\">Midtsommer<\/span><\/a><\/p>\n","protected":false},"author":2,"featured_media":0,"parent":0,"menu_order":0,"comment_status":"closed","ping_status":"closed","template":"","meta":{"jetpack_post_was_ever_published":false,"footnotes":""},"class_list":["post-1246","page","type-page","status-publish","hentry"],"jetpack_sharing_enabled":true,"jetpack_shortlink":"https:\/\/wp.me\/P8JsMB-k6","_links":{"self":[{"href":"http:\/\/slapakunst.com\/kjolelageret\/wp-json\/wp\/v2\/pages\/1246","targetHints":{"allow":["GET"]}}],"collection":[{"href":"http:\/\/slapakunst.com\/kjolelageret\/wp-json\/wp\/v2\/pages"}],"about":[{"href":"http:\/\/slapakunst.com\/kjolelageret\/wp-json\/wp\/v2\/types\/page"}],"author":[{"embeddable":true,"href":"http:\/\/slapakunst.com\/kjolelageret\/wp-json\/wp\/v2\/users\/2"}],"replies":[{"embeddable":true,"href":"http:\/\/slapakunst.com\/kjolelageret\/wp-json\/wp\/v2\/comments?post=1246"}],"version-history":[{"count":6,"href":"http:\/\/slapakunst.com\/kjolelageret\/wp-json\/wp\/v2\/pages\/1246\/revisions"}],"predecessor-version":[{"id":1288,"href":"http:\/\/slapakunst.com\/kjolelageret\/wp-json\/wp\/v2\/pages\/1246\/revisions\/1288"}],"wp:attachment":[{"href":"http:\/\/slapakunst.com\/kjolelageret\/wp-json\/wp\/v2\/media?parent=1246"}],"curies":[{"name":"wp","href":"https:\/\/api.w.org\/{rel}","templated":true}]}}