{"id":1201,"date":"2022-01-01T10:23:00","date_gmt":"2022-01-01T10:23:00","guid":{"rendered":"http:\/\/slapakunst.com\/?page_id=1201"},"modified":"2022-01-14T14:37:10","modified_gmt":"2022-01-14T14:37:10","slug":"kjolelageret","status":"publish","type":"page","link":"http:\/\/slapakunst.com\/kjolelageret\/","title":{"rendered":"KJ\u00d8LELAGERET"},"content":{"rendered":"\n<figure class=\"wp-block-image size-large\"><img loading=\"lazy\" decoding=\"async\" width=\"1024\" height=\"390\" src=\"http:\/\/slapakunst.com\/wp-content\/uploads\/fb-cover2-1024x390.jpg\" alt=\"\" class=\"wp-image-1232\" srcset=\"http:\/\/slapakunst.com\/wp-content\/uploads\/fb-cover2-1024x390.jpg 1024w, http:\/\/slapakunst.com\/wp-content\/uploads\/fb-cover2-300x114.jpg 300w, http:\/\/slapakunst.com\/wp-content\/uploads\/fb-cover2-768x292.jpg 768w, http:\/\/slapakunst.com\/wp-content\/uploads\/fb-cover2-1536x585.jpg 1536w, http:\/\/slapakunst.com\/wp-content\/uploads\/fb-cover2.jpg 1920w\" sizes=\"auto, (max-width: 1024px) 100vw, 1024px\" \/><\/figure>\n\n\n\n<p class=\"has-text-align-center has-small-font-size\">(scroll for English)<\/p>\n\n\n\n<p class=\"has-text-align-center\"><em>forflytte &#8211; forbinde &#8211; forene<\/em> <\/p>\n\n\n\n<p class=\"has-text-align-center\">2021<\/p>\n\n\n\n<p>Ved fjorden, vannet, det skiftende og det samme.<br>N\u00e6r industrien, det tekniske og konstruerte.<br>I det mottagende, oppbevarende, siden forflyttende<br>&#8211; og mottagende, igjen.<\/p>\n\n\n\n<p class=\"has-text-align-center\"><br>Annika Borg&nbsp;<\/p>\n\n\n\n<p><br>Siden 1994 har Annika Borg jobbet med prosjektet \u201cett og etthundre terningkast om dagen\u201d, som g\u00e5r ut p\u00e5 \u00e5 kaste et sett med seks terninger \u00e9n gang om morgenen og hundre ganger til senere p\u00e5 dagen. Tallrekkene hun f\u00e5r noteres ned og f\u00f8res inn i et arkiv; et oppslag per dag, \u00e9n perm per m\u00e5ned. Ved bruk av en transformasjonsmetode har hun skapt et uttrykk som skaper en dialog mellom tallrekkene, Kj\u00f8lelageret og omgivelsene. Verket st\u00e5r sterkt p\u00e5 egenh\u00e5nd, samtidig som det elegant skaper et rom for noe mer. <\/p>\n\n\n\n<figure class=\"wp-block-image\"><img loading=\"lazy\" decoding=\"async\" width=\"2560\" height=\"1707\" src=\"http:\/\/slapakunst.com\/wp-content\/uploads\/1_annika_borg-scaled.jpg\" alt=\"\" class=\"wp-image-1271\" srcset=\"http:\/\/slapakunst.com\/wp-content\/uploads\/1_annika_borg-scaled.jpg 2560w, http:\/\/slapakunst.com\/wp-content\/uploads\/1_annika_borg-300x200.jpg 300w, http:\/\/slapakunst.com\/wp-content\/uploads\/1_annika_borg-1024x683.jpg 1024w, http:\/\/slapakunst.com\/wp-content\/uploads\/1_annika_borg-768x512.jpg 768w, http:\/\/slapakunst.com\/wp-content\/uploads\/1_annika_borg-1536x1024.jpg 1536w, http:\/\/slapakunst.com\/wp-content\/uploads\/1_annika_borg-2048x1365.jpg 2048w\" sizes=\"auto, (max-width: 2560px) 100vw, 2560px\" \/><\/figure>\n\n\n\n<figure class=\"wp-block-image\"><img loading=\"lazy\" decoding=\"async\" width=\"2560\" height=\"1707\" src=\"http:\/\/slapakunst.com\/wp-content\/uploads\/3_annika_borg-scaled.jpg\" alt=\"\" class=\"wp-image-1272\" srcset=\"http:\/\/slapakunst.com\/wp-content\/uploads\/3_annika_borg-scaled.jpg 2560w, http:\/\/slapakunst.com\/wp-content\/uploads\/3_annika_borg-300x200.jpg 300w, http:\/\/slapakunst.com\/wp-content\/uploads\/3_annika_borg-1024x683.jpg 1024w, http:\/\/slapakunst.com\/wp-content\/uploads\/3_annika_borg-768x512.jpg 768w, http:\/\/slapakunst.com\/wp-content\/uploads\/3_annika_borg-1536x1024.jpg 1536w, http:\/\/slapakunst.com\/wp-content\/uploads\/3_annika_borg-2048x1365.jpg 2048w\" sizes=\"auto, (max-width: 2560px) 100vw, 2560px\" \/><\/figure>\n\n\n\n<figure class=\"wp-block-image\"><img loading=\"lazy\" decoding=\"async\" width=\"2560\" height=\"1707\" src=\"http:\/\/slapakunst.com\/wp-content\/uploads\/2_annika_borg-scaled.jpg\" alt=\"\" class=\"wp-image-1273\" srcset=\"http:\/\/slapakunst.com\/wp-content\/uploads\/2_annika_borg-scaled.jpg 2560w, http:\/\/slapakunst.com\/wp-content\/uploads\/2_annika_borg-300x200.jpg 300w, http:\/\/slapakunst.com\/wp-content\/uploads\/2_annika_borg-1024x683.jpg 1024w, http:\/\/slapakunst.com\/wp-content\/uploads\/2_annika_borg-768x512.jpg 768w, http:\/\/slapakunst.com\/wp-content\/uploads\/2_annika_borg-1536x1024.jpg 1536w, http:\/\/slapakunst.com\/wp-content\/uploads\/2_annika_borg-2048x1365.jpg 2048w\" sizes=\"auto, (max-width: 2560px) 100vw, 2560px\" \/><\/figure>\n\n\n\n<p>Annika Borg (f. 1964) er utdannet ved Kunstakademiet i Trondheim og bor og arbeider i byen. Hun har deltatt p\u00e5 en rekke utstillinger de siste tre ti\u00e5rene, herunder separatutstillinger p\u00e5 Nordnorsk Kunstnersenter (2019) og Tr\u00f8ndelag Senter for Samtidskunst (2020). Borg har erfaring med kunst i offentlig rom b\u00e5de som ut\u00f8vende kunstner og som kunstkonsulent og s\u00f8kte p\u00e5 Kj\u00f8lelageret med et \u00f8nske om \u00e5 skape et kunstverk som forholder seg bevisst til bygget og  milj\u00f8et samtidig som det st\u00e5r p\u00e5 egne ben som kunst, tanke og id\u00e9. <\/p>\n\n\n\n<figure class=\"wp-block-image\"><img loading=\"lazy\" decoding=\"async\" width=\"2560\" height=\"1707\" src=\"http:\/\/slapakunst.com\/wp-content\/uploads\/4_annika_borg-scaled.jpg\" alt=\"\" class=\"wp-image-1270\" srcset=\"http:\/\/slapakunst.com\/wp-content\/uploads\/4_annika_borg-scaled.jpg 2560w, http:\/\/slapakunst.com\/wp-content\/uploads\/4_annika_borg-300x200.jpg 300w, http:\/\/slapakunst.com\/wp-content\/uploads\/4_annika_borg-1024x683.jpg 1024w, http:\/\/slapakunst.com\/wp-content\/uploads\/4_annika_borg-768x512.jpg 768w, http:\/\/slapakunst.com\/wp-content\/uploads\/4_annika_borg-1536x1024.jpg 1536w, http:\/\/slapakunst.com\/wp-content\/uploads\/4_annika_borg-2048x1366.jpg 2048w\" sizes=\"auto, (max-width: 2560px) 100vw, 2560px\" \/><\/figure>\n\n\n\n<figure class=\"wp-block-image\"><img loading=\"lazy\" decoding=\"async\" width=\"2560\" height=\"1707\" src=\"http:\/\/slapakunst.com\/wp-content\/uploads\/6_annika_borg-scaled.jpg\" alt=\"\" class=\"wp-image-1274\" srcset=\"http:\/\/slapakunst.com\/wp-content\/uploads\/6_annika_borg-scaled.jpg 2560w, http:\/\/slapakunst.com\/wp-content\/uploads\/6_annika_borg-300x200.jpg 300w, http:\/\/slapakunst.com\/wp-content\/uploads\/6_annika_borg-1024x683.jpg 1024w, http:\/\/slapakunst.com\/wp-content\/uploads\/6_annika_borg-768x512.jpg 768w, http:\/\/slapakunst.com\/wp-content\/uploads\/6_annika_borg-1536x1024.jpg 1536w, http:\/\/slapakunst.com\/wp-content\/uploads\/6_annika_borg-2048x1365.jpg 2048w\" sizes=\"auto, (max-width: 2560px) 100vw, 2560px\" \/><\/figure>\n\n\n\n<figure class=\"wp-block-image\"><img loading=\"lazy\" decoding=\"async\" width=\"2560\" height=\"1706\" src=\"http:\/\/slapakunst.com\/wp-content\/uploads\/5_annika_borg-scaled.jpg\" alt=\"\" class=\"wp-image-1275\" srcset=\"http:\/\/slapakunst.com\/wp-content\/uploads\/5_annika_borg-scaled.jpg 2560w, http:\/\/slapakunst.com\/wp-content\/uploads\/5_annika_borg-300x200.jpg 300w, http:\/\/slapakunst.com\/wp-content\/uploads\/5_annika_borg-1024x682.jpg 1024w, http:\/\/slapakunst.com\/wp-content\/uploads\/5_annika_borg-768x512.jpg 768w, http:\/\/slapakunst.com\/wp-content\/uploads\/5_annika_borg-1536x1024.jpg 1536w, http:\/\/slapakunst.com\/wp-content\/uploads\/5_annika_borg-2048x1365.jpg 2048w\" sizes=\"auto, (max-width: 2560px) 100vw, 2560px\" \/><\/figure>\n\n\n\n<p class=\"has-text-align-center\"><em>forflytte &#8211; forbinde &#8211; forene<\/em><\/p>\n\n\n\n<p class=\"has-text-align-center\">2021<\/p>\n\n\n\n<p class=\"has-text-align-left\">By the fjord, the water, the shifting and the similar.<br>Close to the industry, the technical and constructed.<br>In the receiving, storaging, then transfering<br>&#8211; and receiving, again.<\/p>\n\n\n\n<p class=\"has-text-align-center\"><br>Annika Borg\u00a0<\/p>\n\n\n\n<p><\/p>\n\n\n\n<p>Since 1994, Annika Borg has worked on the project &#8220;one and one hundred dice rolls a day&#8221;, which involves throwing a set of six dice once in the morning and a hundred times later in the day. The numbers she gets are written down and entered into an archive; one spread each day, one binder each month. Using a transformation method, she has created an expression that creates a dialogue between the rows of numbers, the cold storage and the surroundings. The work stands strong on its own, at the same time as it elegantly creates a room for something more. <\/p>\n\n\n\n<figure class=\"wp-block-image size-large\"><img loading=\"lazy\" decoding=\"async\" width=\"1024\" height=\"683\" src=\"http:\/\/slapakunst.com\/wp-content\/uploads\/IMG_0331b-1024x683.jpg\" alt=\"\" class=\"wp-image-1283\" srcset=\"http:\/\/slapakunst.com\/wp-content\/uploads\/IMG_0331b-1024x683.jpg 1024w, http:\/\/slapakunst.com\/wp-content\/uploads\/IMG_0331b-300x200.jpg 300w, http:\/\/slapakunst.com\/wp-content\/uploads\/IMG_0331b-768x512.jpg 768w, http:\/\/slapakunst.com\/wp-content\/uploads\/IMG_0331b-1536x1024.jpg 1536w, http:\/\/slapakunst.com\/wp-content\/uploads\/IMG_0331b-2048x1365.jpg 2048w\" sizes=\"auto, (max-width: 1024px) 100vw, 1024px\" \/><\/figure>\n\n\n\n<p>Annika Borg (b. 1964) was graduated at the Trondheim Academy of Fine Art and lives and works in the city. She has participated in a number of exhibitions over the past three decades, including solo exhibitions at Nordnorsk Kunstnersenter (2019) and Tr\u00f8ndelag Senter for Samtidskunst (2020). Borg has experience with art in public spaces both as an artist and an art consultant and applied to Kj\u00f8lelageret with a desire to create a work of art that relates consciously to the building and the environment while being able to stand on its own as art, thought and idea.<\/p>\n\n\n\n<hr class=\"wp-block-separator\"\/>\n\n\n\n<figure class=\"wp-block-image size-large\"><img loading=\"lazy\" decoding=\"async\" width=\"1024\" height=\"683\" src=\"http:\/\/slapakunst.com\/wp-content\/uploads\/7_annika_borg-1024x683.jpg\" alt=\"\" class=\"wp-image-1279\" srcset=\"http:\/\/slapakunst.com\/wp-content\/uploads\/7_annika_borg-1024x683.jpg 1024w, http:\/\/slapakunst.com\/wp-content\/uploads\/7_annika_borg-300x200.jpg 300w, http:\/\/slapakunst.com\/wp-content\/uploads\/7_annika_borg-768x512.jpg 768w, http:\/\/slapakunst.com\/wp-content\/uploads\/7_annika_borg-1536x1024.jpg 1536w, http:\/\/slapakunst.com\/wp-content\/uploads\/7_annika_borg-2048x1365.jpg 2048w\" sizes=\"auto, (max-width: 1024px) 100vw, 1024px\" \/><\/figure>\n","protected":false},"excerpt":{"rendered":"<p>(scroll for English) forflytte &#8211; forbinde &#8211; forene 2021 Ved fjorden, vannet, det skiftende og det samme.N\u00e6r industrien, det tekniske og konstruerte.I det mottagende, oppbevarende, siden forflyttende&#8211; og mottagende, igjen. Annika Borg&nbsp; Siden 1994 har Annika Borg jobbet med prosjektet \u201cett og etthundre terningkast om dagen\u201d, som g\u00e5r ut p\u00e5 \u00e5 kaste et sett med &hellip; <a href=\"http:\/\/slapakunst.com\/kjolelageret\/\" class=\"more-link\">Continue reading <span class=\"screen-reader-text\">KJ\u00d8LELAGERET<\/span><\/a><\/p>\n","protected":false},"author":2,"featured_media":0,"parent":0,"menu_order":0,"comment_status":"closed","ping_status":"closed","template":"","meta":{"jetpack_post_was_ever_published":false,"footnotes":""},"class_list":["post-1201","page","type-page","status-publish","hentry"],"jetpack_sharing_enabled":true,"jetpack_shortlink":"https:\/\/wp.me\/P8JsMB-jn","_links":{"self":[{"href":"http:\/\/slapakunst.com\/kjolelageret\/wp-json\/wp\/v2\/pages\/1201","targetHints":{"allow":["GET"]}}],"collection":[{"href":"http:\/\/slapakunst.com\/kjolelageret\/wp-json\/wp\/v2\/pages"}],"about":[{"href":"http:\/\/slapakunst.com\/kjolelageret\/wp-json\/wp\/v2\/types\/page"}],"author":[{"embeddable":true,"href":"http:\/\/slapakunst.com\/kjolelageret\/wp-json\/wp\/v2\/users\/2"}],"replies":[{"embeddable":true,"href":"http:\/\/slapakunst.com\/kjolelageret\/wp-json\/wp\/v2\/comments?post=1201"}],"version-history":[{"count":28,"href":"http:\/\/slapakunst.com\/kjolelageret\/wp-json\/wp\/v2\/pages\/1201\/revisions"}],"predecessor-version":[{"id":1285,"href":"http:\/\/slapakunst.com\/kjolelageret\/wp-json\/wp\/v2\/pages\/1201\/revisions\/1285"}],"wp:attachment":[{"href":"http:\/\/slapakunst.com\/kjolelageret\/wp-json\/wp\/v2\/media?parent=1201"}],"curies":[{"name":"wp","href":"https:\/\/api.w.org\/{rel}","templated":true}]}}