{"id":1079,"date":"2020-04-10T17:53:01","date_gmt":"2020-04-10T17:53:01","guid":{"rendered":"http:\/\/slapakunst.com\/?page_id=1079"},"modified":"2020-04-22T08:42:54","modified_gmt":"2020-04-22T08:42:54","slug":"alexandra-jegerstedt","status":"publish","type":"page","link":"http:\/\/slapakunst.com\/kjolelageret\/vinduene\/alexandra-jegerstedt\/","title":{"rendered":"Alexandra Jegerstedt"},"content":{"rendered":"\n<p class=\"has-small-font-size\"><strong>Ansikt til ansikt med et endelikt i en BAR &#8211; p\u00e5 en SCENE &#8211; p\u00e5 en KLUBB<\/strong>, 2020&nbsp;<br>Gips, papir, stein, tegning, pigment&nbsp;<\/p>\n\n\n\n<figure class=\"wp-block-image size-large\"><img loading=\"lazy\" decoding=\"async\" width=\"1024\" height=\"682\" src=\"http:\/\/slapakunst.com\/wp-content\/uploads\/Vinduene_Jegerstedt_7407-1024x682.jpg\" alt=\"\" class=\"wp-image-1087\" srcset=\"http:\/\/slapakunst.com\/wp-content\/uploads\/Vinduene_Jegerstedt_7407-1024x682.jpg 1024w, http:\/\/slapakunst.com\/wp-content\/uploads\/Vinduene_Jegerstedt_7407-300x200.jpg 300w, http:\/\/slapakunst.com\/wp-content\/uploads\/Vinduene_Jegerstedt_7407-768x512.jpg 768w, http:\/\/slapakunst.com\/wp-content\/uploads\/Vinduene_Jegerstedt_7407-1536x1024.jpg 1536w, http:\/\/slapakunst.com\/wp-content\/uploads\/Vinduene_Jegerstedt_7407.jpg 2000w\" sizes=\"auto, (max-width: 1024px) 100vw, 1024px\" \/><\/figure>\n\n\n\n<figure class=\"wp-block-image size-large\"><img loading=\"lazy\" decoding=\"async\" width=\"1024\" height=\"682\" src=\"http:\/\/slapakunst.com\/wp-content\/uploads\/Vinduene_Jegerstedt_7411-1024x682.jpg\" alt=\"\" class=\"wp-image-1088\" srcset=\"http:\/\/slapakunst.com\/wp-content\/uploads\/Vinduene_Jegerstedt_7411-1024x682.jpg 1024w, http:\/\/slapakunst.com\/wp-content\/uploads\/Vinduene_Jegerstedt_7411-300x200.jpg 300w, http:\/\/slapakunst.com\/wp-content\/uploads\/Vinduene_Jegerstedt_7411-768x512.jpg 768w, http:\/\/slapakunst.com\/wp-content\/uploads\/Vinduene_Jegerstedt_7411-1536x1024.jpg 1536w, http:\/\/slapakunst.com\/wp-content\/uploads\/Vinduene_Jegerstedt_7411.jpg 2000w\" sizes=\"auto, (max-width: 1024px) 100vw, 1024px\" \/><\/figure>\n\n\n\n<figure class=\"wp-block-image size-large\"><img loading=\"lazy\" decoding=\"async\" width=\"1024\" height=\"682\" src=\"http:\/\/slapakunst.com\/wp-content\/uploads\/Vinduene_Jegerstedt_7421-1024x682.jpg\" alt=\"\" class=\"wp-image-1089\" srcset=\"http:\/\/slapakunst.com\/wp-content\/uploads\/Vinduene_Jegerstedt_7421-1024x682.jpg 1024w, http:\/\/slapakunst.com\/wp-content\/uploads\/Vinduene_Jegerstedt_7421-300x200.jpg 300w, http:\/\/slapakunst.com\/wp-content\/uploads\/Vinduene_Jegerstedt_7421-768x512.jpg 768w, http:\/\/slapakunst.com\/wp-content\/uploads\/Vinduene_Jegerstedt_7421-1536x1024.jpg 1536w, http:\/\/slapakunst.com\/wp-content\/uploads\/Vinduene_Jegerstedt_7421.jpg 2000w\" sizes=\"auto, (max-width: 1024px) 100vw, 1024px\" \/><\/figure>\n\n\n\n<figure class=\"wp-block-image size-large\"><img loading=\"lazy\" decoding=\"async\" width=\"1024\" height=\"682\" src=\"http:\/\/slapakunst.com\/wp-content\/uploads\/Vinduene_Jegerstedt_7438-1024x682.jpg\" alt=\"\" class=\"wp-image-1090\" srcset=\"http:\/\/slapakunst.com\/wp-content\/uploads\/Vinduene_Jegerstedt_7438-1024x682.jpg 1024w, http:\/\/slapakunst.com\/wp-content\/uploads\/Vinduene_Jegerstedt_7438-300x200.jpg 300w, http:\/\/slapakunst.com\/wp-content\/uploads\/Vinduene_Jegerstedt_7438-768x512.jpg 768w, http:\/\/slapakunst.com\/wp-content\/uploads\/Vinduene_Jegerstedt_7438-1536x1024.jpg 1536w, http:\/\/slapakunst.com\/wp-content\/uploads\/Vinduene_Jegerstedt_7438.jpg 2000w\" sizes=\"auto, (max-width: 1024px) 100vw, 1024px\" \/><\/figure>\n\n\n\n<p class=\"has-small-font-size\"><strong>Venstre\u00a0vinduer \/ Left windows<br><\/strong>BAR<br>gr\u00f8nn skulptur \/ green sculpture 3 000 NOK + 5% BKH<br>lilla skulptur (m\/ pinner) \/ purple sculpture (w\/ sticks) 5 000 NOK + 5% BKH\u00a0<br><br>SCENE<br>mur \/ wall 12 200 NOK + 5% BKH<br>separate priser fra (pr stk) \/ seperate prices from (p\/stk) 300 NOK \u2014 1 000 NOK <br><br>KLUBB<br>rosa skulptur (m\/ pinne) \/ pink sculpture (w\/ stick) 4 000 NOK + 5% BKH<br>hvit + svart skulptur i to deler (white + black sculpture) 6 000 NOK + 5% BKH<br><br><\/p>\n\n\n\n<figure class=\"wp-block-image size-large\"><img loading=\"lazy\" decoding=\"async\" width=\"1024\" height=\"682\" src=\"http:\/\/slapakunst.com\/wp-content\/uploads\/Vinduene_Jegerstedt_7275-1024x682.jpg\" alt=\"\" class=\"wp-image-1091\" srcset=\"http:\/\/slapakunst.com\/wp-content\/uploads\/Vinduene_Jegerstedt_7275-1024x682.jpg 1024w, http:\/\/slapakunst.com\/wp-content\/uploads\/Vinduene_Jegerstedt_7275-300x200.jpg 300w, http:\/\/slapakunst.com\/wp-content\/uploads\/Vinduene_Jegerstedt_7275-768x512.jpg 768w, http:\/\/slapakunst.com\/wp-content\/uploads\/Vinduene_Jegerstedt_7275-1536x1024.jpg 1536w, http:\/\/slapakunst.com\/wp-content\/uploads\/Vinduene_Jegerstedt_7275.jpg 2000w\" sizes=\"auto, (max-width: 1024px) 100vw, 1024px\" \/><\/figure>\n\n\n\n<figure class=\"wp-block-image size-large\"><img loading=\"lazy\" decoding=\"async\" width=\"1024\" height=\"682\" src=\"http:\/\/slapakunst.com\/wp-content\/uploads\/Vinduene_Jegerstedt_7283-1024x682.jpg\" alt=\"\" class=\"wp-image-1092\" srcset=\"http:\/\/slapakunst.com\/wp-content\/uploads\/Vinduene_Jegerstedt_7283-1024x682.jpg 1024w, http:\/\/slapakunst.com\/wp-content\/uploads\/Vinduene_Jegerstedt_7283-300x200.jpg 300w, http:\/\/slapakunst.com\/wp-content\/uploads\/Vinduene_Jegerstedt_7283-768x512.jpg 768w, http:\/\/slapakunst.com\/wp-content\/uploads\/Vinduene_Jegerstedt_7283-1536x1024.jpg 1536w, http:\/\/slapakunst.com\/wp-content\/uploads\/Vinduene_Jegerstedt_7283.jpg 2000w\" sizes=\"auto, (max-width: 1024px) 100vw, 1024px\" \/><\/figure>\n\n\n\n<figure class=\"wp-block-image size-large\"><img loading=\"lazy\" decoding=\"async\" width=\"1024\" height=\"682\" src=\"http:\/\/slapakunst.com\/wp-content\/uploads\/Vinduene_Jegerstedt_7289-1024x682.jpg\" alt=\"\" class=\"wp-image-1093\" srcset=\"http:\/\/slapakunst.com\/wp-content\/uploads\/Vinduene_Jegerstedt_7289-1024x682.jpg 1024w, http:\/\/slapakunst.com\/wp-content\/uploads\/Vinduene_Jegerstedt_7289-300x200.jpg 300w, http:\/\/slapakunst.com\/wp-content\/uploads\/Vinduene_Jegerstedt_7289-768x512.jpg 768w, http:\/\/slapakunst.com\/wp-content\/uploads\/Vinduene_Jegerstedt_7289-1536x1024.jpg 1536w, http:\/\/slapakunst.com\/wp-content\/uploads\/Vinduene_Jegerstedt_7289.jpg 2000w\" sizes=\"auto, (max-width: 1024px) 100vw, 1024px\" \/><\/figure>\n\n\n\n<p class=\"has-small-font-size\"><strong>H\u00f8yre Vinduer <\/strong>\/ Right Windows<br>BAR<br>hvit pinne \/ white stick 800 NOK <br><br>SCENE<br>pinner og tegninger \/ sticks and paper drawings 5 000 NOK + 5% BKH<br><br>KLUBB<br>lilla skulptur med stein \/ purple sculpture with stone 2 000 NOK  <\/p>\n\n\n\n<p class=\"has-small-font-size\"><br>08.04.2020<br>En bar har blitt en installasjon En barstol har blitt en skulptur Et tappet\u00e5rn har blitt en skulptur&nbsp;<br><br>Baren<br>har ingen funksjon&nbsp;<br><br>N\u00e5 st\u00e5r vi ansikt til ansikt med en skulptur p\u00e5 utsiden av en BAR<br>som danner en installasjon av en SCENE som fratar muligheten&nbsp;<br><br>til \u00e5 danse p\u00e5 en KLUBB<br> &#8211;<br>Ord har ikke lengre den samme betydning&nbsp;<br>Visuelt har korona en krone <br>&#8211; <\/p>\n\n\n\n<p><\/p>\n\n\n\n<p class=\"has-small-font-size\">Alexandra Jegerstedt (1986, Trondheim)&nbsp;<br><br>Alexandra Jegerstedt er en Trondheimsbasert billedkunstner med utdanning fra Kunstakademiet i Trondheim (BA, 2011) og Bergen (MA, 2019). Hun arbeider material- og prosessbasert i medier som skulptur, installasjon og tegning. I sine arbeider \u00f8nsker hun \u00e5 skape en visuell verden hvor materialene styrer prosessen og \u00e5pner opp for en intuitiv og abstrakt tiln\u00e6rming til \u00e5 forst\u00e5 visualitet som et eget spr\u00e5k.&nbsp;<\/p>\n\n\n\n<p class=\"has-small-font-size\">\/<\/p>\n\n\n\n<p class=\"has-small-font-size\"><strong>Ansikt til ansikt med et endelikt i en BAR &#8211; p\u00e5 en SCENE &#8211; p\u00e5 en KLUBB, 2020<\/strong><br>Installation in six parts<br>Sculptures in plaster and paper, drawings, pigment<\/p>\n\n\n\n<p class=\"has-small-font-size\"><strong>Alexandra Jegerstedt<\/strong> is based in Trondheim with education from the Art Academy in Trondheim (BA, 2011) and Bergen (MA, 2019). She works material- and process based with mediums like sculpture, installation and drawing. In her works, she aims to create a visual world where the materials control the process and opens for an intuitive and abstract approach to understanding visuality as its own language.<br><\/p>\n","protected":false},"excerpt":{"rendered":"<p>Ansikt til ansikt med et endelikt i en BAR &#8211; p\u00e5 en SCENE &#8211; p\u00e5 en KLUBB, 2020&nbsp;Gips, papir, stein, tegning, pigment&nbsp; Venstre\u00a0vinduer \/ Left windowsBARgr\u00f8nn skulptur \/ green sculpture 3 000 NOK + 5% BKHlilla skulptur (m\/ pinner) \/ purple sculpture (w\/ sticks) 5 000 NOK + 5% BKH\u00a0 SCENEmur \/ wall 12 200 &hellip; <a href=\"http:\/\/slapakunst.com\/kjolelageret\/vinduene\/alexandra-jegerstedt\/\" class=\"more-link\">Continue reading <span class=\"screen-reader-text\">Alexandra Jegerstedt<\/span><\/a><\/p>\n","protected":false},"author":3,"featured_media":0,"parent":911,"menu_order":0,"comment_status":"closed","ping_status":"closed","template":"","meta":{"jetpack_post_was_ever_published":false,"footnotes":""},"class_list":["post-1079","page","type-page","status-publish","hentry"],"jetpack_sharing_enabled":true,"jetpack_shortlink":"https:\/\/wp.me\/P8JsMB-hp","_links":{"self":[{"href":"http:\/\/slapakunst.com\/kjolelageret\/wp-json\/wp\/v2\/pages\/1079","targetHints":{"allow":["GET"]}}],"collection":[{"href":"http:\/\/slapakunst.com\/kjolelageret\/wp-json\/wp\/v2\/pages"}],"about":[{"href":"http:\/\/slapakunst.com\/kjolelageret\/wp-json\/wp\/v2\/types\/page"}],"author":[{"embeddable":true,"href":"http:\/\/slapakunst.com\/kjolelageret\/wp-json\/wp\/v2\/users\/3"}],"replies":[{"embeddable":true,"href":"http:\/\/slapakunst.com\/kjolelageret\/wp-json\/wp\/v2\/comments?post=1079"}],"version-history":[{"count":7,"href":"http:\/\/slapakunst.com\/kjolelageret\/wp-json\/wp\/v2\/pages\/1079\/revisions"}],"predecessor-version":[{"id":1119,"href":"http:\/\/slapakunst.com\/kjolelageret\/wp-json\/wp\/v2\/pages\/1079\/revisions\/1119"}],"up":[{"embeddable":true,"href":"http:\/\/slapakunst.com\/kjolelageret\/wp-json\/wp\/v2\/pages\/911"}],"wp:attachment":[{"href":"http:\/\/slapakunst.com\/kjolelageret\/wp-json\/wp\/v2\/media?parent=1079"}],"curies":[{"name":"wp","href":"https:\/\/api.w.org\/{rel}","templated":true}]}}